{"id":9024,"date":"2019-01-04T19:16:17","date_gmt":"2019-01-04T19:16:17","guid":{"rendered":"http:\/\/ffbraunau.at\/wordpress\/?page_id=9024"},"modified":"2019-01-04T19:19:08","modified_gmt":"2019-01-04T19:19:08","slug":"berichte-2019","status":"publish","type":"page","link":"https:\/\/ffbraunau.at\/wordpress\/?page_id=9024","title":{"rendered":"Berichte 2019"},"content":{"rendered":"<div class=\"flex_column av_one_full  flex_column_div av-zero-column-padding first  \" style='border-radius:0px; '><div  data-autoplay=''  data-interval='5'  data-animation='fade'  data-show_slide_delay='90'  class='avia-content-slider avia-content-grid-active avia-content-slider1 avia-content-slider-odd  ' ><div class='avia-content-slider-inner'><div class='slide-entry-wrap'><article class='slide-entry flex_column  post-entry post-entry-10586 slide-entry-overview slide-loop-1 slide-parity-odd  av_fullwidth first real-thumbnail' ><a href='https:\/\/ffbraunau.at\/wordpress\/?p=10586' data-rel='slide-1' class='slide-image' title=''><img loading=\"lazy\" decoding=\"async\" width=\"80\" height=\"80\" src=\"https:\/\/ffbraunau.at\/wordpress\/wp-content\/uploads\/2019\/12\/W3-80x80.jpg\" class=\"attachment-thumbnail size-thumbnail wp-post-image\" alt=\"\" srcset=\"https:\/\/ffbraunau.at\/wordpress\/wp-content\/uploads\/2019\/12\/W3-80x80.jpg 80w, https:\/\/ffbraunau.at\/wordpress\/wp-content\/uploads\/2019\/12\/W3-36x36.jpg 36w, https:\/\/ffbraunau.at\/wordpress\/wp-content\/uploads\/2019\/12\/W3-180x180.jpg 180w, https:\/\/ffbraunau.at\/wordpress\/wp-content\/uploads\/2019\/12\/W3-120x120.jpg 120w, https:\/\/ffbraunau.at\/wordpress\/wp-content\/uploads\/2019\/12\/W3-450x450.jpg 450w\" sizes=\"auto, (max-width: 80px) 100vw, 80px\" \/><\/a><div class='slide-content'><header class=\"entry-content-header\"><h3 class='slide-entry-title entry-title' ><a href='https:\/\/ffbraunau.at\/wordpress\/?p=10586' title='07.12.2019 - Weihnachtsfeier'>07.12.2019 - Weihnachtsfeier<\/a><\/h3><span class=\"av-vertical-delimiter\"><\/span><\/header><\/div><footer class=\"entry-footer\"><\/footer><\/article><\/div><div class='slide-entry-wrap'><article class='slide-entry flex_column  post-entry post-entry-10537 slide-entry-overview slide-loop-2 slide-parity-odd  av_fullwidth first real-thumbnail' ><a href='https:\/\/ffbraunau.at\/wordpress\/?p=10537' data-rel='slide-1' class='slide-image' title=''><img loading=\"lazy\" decoding=\"async\" width=\"80\" height=\"80\" src=\"https:\/\/ffbraunau.at\/wordpress\/wp-content\/uploads\/2019\/11\/Foto-3-80x80.jpg\" class=\"attachment-thumbnail size-thumbnail wp-post-image\" alt=\"\" srcset=\"https:\/\/ffbraunau.at\/wordpress\/wp-content\/uploads\/2019\/11\/Foto-3-80x80.jpg 80w, https:\/\/ffbraunau.at\/wordpress\/wp-content\/uploads\/2019\/11\/Foto-3-36x36.jpg 36w, https:\/\/ffbraunau.at\/wordpress\/wp-content\/uploads\/2019\/11\/Foto-3-180x180.jpg 180w, https:\/\/ffbraunau.at\/wordpress\/wp-content\/uploads\/2019\/11\/Foto-3-120x120.jpg 120w, https:\/\/ffbraunau.at\/wordpress\/wp-content\/uploads\/2019\/11\/Foto-3-450x450.jpg 450w\" sizes=\"auto, (max-width: 80px) 100vw, 80px\" \/><\/a><div class='slide-content'><header class=\"entry-content-header\"><h3 class='slide-entry-title entry-title' ><a href='https:\/\/ffbraunau.at\/wordpress\/?p=10537' title='15.11.2019 - Leistungspr\u00fcfung Technische Hilfeleistung'>15.11.2019 - Leistungspr\u00fcfung Technische Hilfeleistung<\/a><\/h3><span class=\"av-vertical-delimiter\"><\/span><\/header><\/div><footer class=\"entry-footer\"><\/footer><\/article><\/div><div class='slide-entry-wrap'><article class='slide-entry flex_column  post-entry post-entry-10510 slide-entry-overview slide-loop-3 slide-parity-odd  av_fullwidth first real-thumbnail' ><a href='https:\/\/ffbraunau.at\/wordpress\/?p=10510' data-rel='slide-1' class='slide-image' title=''><img loading=\"lazy\" decoding=\"async\" width=\"80\" height=\"80\" src=\"https:\/\/ffbraunau.at\/wordpress\/wp-content\/uploads\/2019\/11\/RA4-80x80.jpg\" class=\"attachment-thumbnail size-thumbnail wp-post-image\" alt=\"\" srcset=\"https:\/\/ffbraunau.at\/wordpress\/wp-content\/uploads\/2019\/11\/RA4-80x80.jpg 80w, https:\/\/ffbraunau.at\/wordpress\/wp-content\/uploads\/2019\/11\/RA4-36x36.jpg 36w, https:\/\/ffbraunau.at\/wordpress\/wp-content\/uploads\/2019\/11\/RA4-180x180.jpg 180w, https:\/\/ffbraunau.at\/wordpress\/wp-content\/uploads\/2019\/11\/RA4-120x120.jpg 120w, https:\/\/ffbraunau.at\/wordpress\/wp-content\/uploads\/2019\/11\/RA4-450x450.jpg 450w\" sizes=\"auto, (max-width: 80px) 100vw, 80px\" \/><\/a><div class='slide-content'><header class=\"entry-content-header\"><h3 class='slide-entry-title entry-title' ><a href='https:\/\/ffbraunau.at\/wordpress\/?p=10510' title='06.11.2019 - \u00dcbung &quot;Umgang mit Radioaktivit\u00e4t&quot;'>06.11.2019 - \u00dcbung \"Umgang mit Radioaktivit\u00e4t\"<\/a><\/h3><span class=\"av-vertical-delimiter\"><\/span><\/header><\/div><footer class=\"entry-footer\"><\/footer><\/article><\/div><div class='slide-entry-wrap'><article class='slide-entry flex_column  post-entry post-entry-10500 slide-entry-overview slide-loop-4 slide-parity-odd  av_fullwidth first real-thumbnail' ><a href='https:\/\/ffbraunau.at\/wordpress\/?p=10500' data-rel='slide-1' class='slide-image' title=''><img loading=\"lazy\" decoding=\"async\" width=\"80\" height=\"80\" src=\"https:\/\/ffbraunau.at\/wordpress\/wp-content\/uploads\/2019\/11\/IMG_2693_1-80x80.jpg\" class=\"attachment-thumbnail size-thumbnail wp-post-image\" alt=\"\" srcset=\"https:\/\/ffbraunau.at\/wordpress\/wp-content\/uploads\/2019\/11\/IMG_2693_1-80x80.jpg 80w, https:\/\/ffbraunau.at\/wordpress\/wp-content\/uploads\/2019\/11\/IMG_2693_1-36x36.jpg 36w, https:\/\/ffbraunau.at\/wordpress\/wp-content\/uploads\/2019\/11\/IMG_2693_1-180x180.jpg 180w, https:\/\/ffbraunau.at\/wordpress\/wp-content\/uploads\/2019\/11\/IMG_2693_1-120x120.jpg 120w, https:\/\/ffbraunau.at\/wordpress\/wp-content\/uploads\/2019\/11\/IMG_2693_1-450x450.jpg 450w\" sizes=\"auto, (max-width: 80px) 100vw, 80px\" \/><\/a><div class='slide-content'><header class=\"entry-content-header\"><h3 class='slide-entry-title entry-title' ><a href='https:\/\/ffbraunau.at\/wordpress\/?p=10500' title='9 neue Feuerwehrmitglieder ausgebildet'>9 neue Feuerwehrmitglieder ausgebildet<\/a><\/h3><span class=\"av-vertical-delimiter\"><\/span><\/header><\/div><footer class=\"entry-footer\"><\/footer><\/article><\/div><div class='slide-entry-wrap'><article class='slide-entry flex_column  post-entry post-entry-10460 slide-entry-overview slide-loop-5 slide-parity-odd  av_fullwidth first real-thumbnail' ><a href='https:\/\/ffbraunau.at\/wordpress\/?p=10460' data-rel='slide-1' class='slide-image' title=''><img loading=\"lazy\" decoding=\"async\" width=\"80\" height=\"80\" src=\"https:\/\/ffbraunau.at\/wordpress\/wp-content\/uploads\/2019\/10\/\u00dcbung2-80x80.jpg\" class=\"attachment-thumbnail size-thumbnail wp-post-image\" alt=\"\" srcset=\"https:\/\/ffbraunau.at\/wordpress\/wp-content\/uploads\/2019\/10\/\u00dcbung2-80x80.jpg 80w, https:\/\/ffbraunau.at\/wordpress\/wp-content\/uploads\/2019\/10\/\u00dcbung2-36x36.jpg 36w, https:\/\/ffbraunau.at\/wordpress\/wp-content\/uploads\/2019\/10\/\u00dcbung2-180x180.jpg 180w, https:\/\/ffbraunau.at\/wordpress\/wp-content\/uploads\/2019\/10\/\u00dcbung2-120x120.jpg 120w, https:\/\/ffbraunau.at\/wordpress\/wp-content\/uploads\/2019\/10\/\u00dcbung2-450x450.jpg 450w\" sizes=\"auto, (max-width: 80px) 100vw, 80px\" \/><\/a><div class='slide-content'><header class=\"entry-content-header\"><h3 class='slide-entry-title entry-title' ><a href='https:\/\/ffbraunau.at\/wordpress\/?p=10460' title='23.10.2019 - \u00dcbung Pumpen und Finnentest'>23.10.2019 - \u00dcbung Pumpen und Finnentest<\/a><\/h3><span class=\"av-vertical-delimiter\"><\/span><\/header><\/div><footer class=\"entry-footer\"><\/footer><\/article><\/div><div class='slide-entry-wrap'><article class='slide-entry flex_column  post-entry post-entry-10443 slide-entry-overview slide-loop-6 slide-parity-odd  av_fullwidth first real-thumbnail' ><a href='https:\/\/ffbraunau.at\/wordpress\/?p=10443' data-rel='slide-1' class='slide-image' title=''><img loading=\"lazy\" decoding=\"async\" width=\"80\" height=\"80\" src=\"https:\/\/ffbraunau.at\/wordpress\/wp-content\/uploads\/2019\/10\/IMG_3400-80x80.jpg\" class=\"attachment-thumbnail size-thumbnail wp-post-image\" alt=\"\" srcset=\"https:\/\/ffbraunau.at\/wordpress\/wp-content\/uploads\/2019\/10\/IMG_3400-80x80.jpg 80w, https:\/\/ffbraunau.at\/wordpress\/wp-content\/uploads\/2019\/10\/IMG_3400-36x36.jpg 36w, https:\/\/ffbraunau.at\/wordpress\/wp-content\/uploads\/2019\/10\/IMG_3400-180x180.jpg 180w, https:\/\/ffbraunau.at\/wordpress\/wp-content\/uploads\/2019\/10\/IMG_3400-120x120.jpg 120w, https:\/\/ffbraunau.at\/wordpress\/wp-content\/uploads\/2019\/10\/IMG_3400-450x450.jpg 450w\" sizes=\"auto, (max-width: 80px) 100vw, 80px\" \/><\/a><div class='slide-content'><header class=\"entry-content-header\"><h3 class='slide-entry-title entry-title' ><a href='https:\/\/ffbraunau.at\/wordpress\/?p=10443' title='12.10.2019 - Firefighter Combat Challenge Austria'>12.10.2019 - Firefighter Combat Challenge Austria<\/a><\/h3><span class=\"av-vertical-delimiter\"><\/span><\/header><\/div><footer class=\"entry-footer\"><\/footer><\/article><\/div><div class='slide-entry-wrap'><article class='slide-entry flex_column  post-entry post-entry-10381 slide-entry-overview slide-loop-7 slide-parity-odd  av_fullwidth first real-thumbnail' ><a href='https:\/\/ffbraunau.at\/wordpress\/?p=10381' data-rel='slide-1' class='slide-image' title=''><img loading=\"lazy\" decoding=\"async\" width=\"80\" height=\"80\" src=\"https:\/\/ffbraunau.at\/wordpress\/wp-content\/uploads\/2019\/10\/k_IMG_2518-80x80.jpg\" class=\"attachment-thumbnail size-thumbnail wp-post-image\" alt=\"\" srcset=\"https:\/\/ffbraunau.at\/wordpress\/wp-content\/uploads\/2019\/10\/k_IMG_2518-80x80.jpg 80w, https:\/\/ffbraunau.at\/wordpress\/wp-content\/uploads\/2019\/10\/k_IMG_2518-36x36.jpg 36w, https:\/\/ffbraunau.at\/wordpress\/wp-content\/uploads\/2019\/10\/k_IMG_2518-180x180.jpg 180w, https:\/\/ffbraunau.at\/wordpress\/wp-content\/uploads\/2019\/10\/k_IMG_2518-120x120.jpg 120w, https:\/\/ffbraunau.at\/wordpress\/wp-content\/uploads\/2019\/10\/k_IMG_2518-450x450.jpg 450w\" sizes=\"auto, (max-width: 80px) 100vw, 80px\" \/><\/a><div class='slide-content'><header class=\"entry-content-header\"><h3 class='slide-entry-title entry-title' ><a href='https:\/\/ffbraunau.at\/wordpress\/?p=10381' title='11. - 13.10.2019 - Einsatzwochenende der Jugendgruppe'>11. - 13.10.2019 - Einsatzwochenende der Jugendgruppe<\/a><\/h3><span class=\"av-vertical-delimiter\"><\/span><\/header><\/div><footer class=\"entry-footer\"><\/footer><\/article><\/div><div class='slide-entry-wrap'><article class='slide-entry flex_column  post-entry post-entry-10359 slide-entry-overview slide-loop-8 slide-parity-odd  av_fullwidth first real-thumbnail' ><a href='https:\/\/ffbraunau.at\/wordpress\/?p=10359' data-rel='slide-1' class='slide-image' title=''><img loading=\"lazy\" decoding=\"async\" width=\"80\" height=\"80\" src=\"https:\/\/ffbraunau.at\/wordpress\/wp-content\/uploads\/2019\/10\/Sirene-80x80.jpg\" class=\"attachment-thumbnail size-thumbnail wp-post-image\" alt=\"\" srcset=\"https:\/\/ffbraunau.at\/wordpress\/wp-content\/uploads\/2019\/10\/Sirene-80x80.jpg 80w, https:\/\/ffbraunau.at\/wordpress\/wp-content\/uploads\/2019\/10\/Sirene-36x36.jpg 36w, https:\/\/ffbraunau.at\/wordpress\/wp-content\/uploads\/2019\/10\/Sirene-180x180.jpg 180w, https:\/\/ffbraunau.at\/wordpress\/wp-content\/uploads\/2019\/10\/Sirene-120x120.jpg 120w\" sizes=\"auto, (max-width: 80px) 100vw, 80px\" \/><\/a><div class='slide-content'><header class=\"entry-content-header\"><h3 class='slide-entry-title entry-title' ><a href='https:\/\/ffbraunau.at\/wordpress\/?p=10359' title='Zivilschutz Probealarm am 05.10.2019'>Zivilschutz Probealarm am 05.10.2019<\/a><\/h3><span class=\"av-vertical-delimiter\"><\/span><\/header><\/div><footer class=\"entry-footer\"><\/footer><\/article><\/div><div class='slide-entry-wrap'><article class='slide-entry flex_column  post-entry post-entry-10324 slide-entry-overview slide-loop-9 slide-parity-odd  av_fullwidth first real-thumbnail' ><a href='https:\/\/ffbraunau.at\/wordpress\/?p=10324' data-rel='slide-1' class='slide-image' title=''><img loading=\"lazy\" decoding=\"async\" width=\"80\" height=\"80\" src=\"https:\/\/ffbraunau.at\/wordpress\/wp-content\/uploads\/2019\/09\/IMG_2129-80x80.jpg\" class=\"attachment-thumbnail size-thumbnail wp-post-image\" alt=\"\" srcset=\"https:\/\/ffbraunau.at\/wordpress\/wp-content\/uploads\/2019\/09\/IMG_2129-80x80.jpg 80w, https:\/\/ffbraunau.at\/wordpress\/wp-content\/uploads\/2019\/09\/IMG_2129-36x36.jpg 36w, https:\/\/ffbraunau.at\/wordpress\/wp-content\/uploads\/2019\/09\/IMG_2129-180x180.jpg 180w, https:\/\/ffbraunau.at\/wordpress\/wp-content\/uploads\/2019\/09\/IMG_2129-120x120.jpg 120w, https:\/\/ffbraunau.at\/wordpress\/wp-content\/uploads\/2019\/09\/IMG_2129-450x450.jpg 450w\" sizes=\"auto, (max-width: 80px) 100vw, 80px\" \/><\/a><div class='slide-content'><header class=\"entry-content-header\"><h3 class='slide-entry-title entry-title' ><a href='https:\/\/ffbraunau.at\/wordpress\/?p=10324' title='25.09.2019 - Einsatz\u00fcbung Schule'>25.09.2019 - Einsatz\u00fcbung Schule<\/a><\/h3><span class=\"av-vertical-delimiter\"><\/span><\/header><\/div><footer class=\"entry-footer\"><\/footer><\/article><\/div><div class='slide-entry-wrap'><article class='slide-entry flex_column  post-entry post-entry-10233 slide-entry-overview slide-loop-10 slide-parity-odd  post-entry-last  av_fullwidth first real-thumbnail' ><a href='https:\/\/ffbraunau.at\/wordpress\/?p=10233' data-rel='slide-1' class='slide-image' title=''><img loading=\"lazy\" decoding=\"async\" width=\"80\" height=\"80\" src=\"https:\/\/ffbraunau.at\/wordpress\/wp-content\/uploads\/2019\/09\/Plakat2019-80x80.jpg\" class=\"attachment-thumbnail size-thumbnail wp-post-image\" alt=\"\" srcset=\"https:\/\/ffbraunau.at\/wordpress\/wp-content\/uploads\/2019\/09\/Plakat2019-80x80.jpg 80w, https:\/\/ffbraunau.at\/wordpress\/wp-content\/uploads\/2019\/09\/Plakat2019-300x300.jpg 300w, https:\/\/ffbraunau.at\/wordpress\/wp-content\/uploads\/2019\/09\/Plakat2019-36x36.jpg 36w, https:\/\/ffbraunau.at\/wordpress\/wp-content\/uploads\/2019\/09\/Plakat2019-180x180.jpg 180w, https:\/\/ffbraunau.at\/wordpress\/wp-content\/uploads\/2019\/09\/Plakat2019-705x705.jpg 705w, https:\/\/ffbraunau.at\/wordpress\/wp-content\/uploads\/2019\/09\/Plakat2019-120x120.jpg 120w, https:\/\/ffbraunau.at\/wordpress\/wp-content\/uploads\/2019\/09\/Plakat2019-450x450.jpg 450w, https:\/\/ffbraunau.at\/wordpress\/wp-content\/uploads\/2019\/09\/Plakat2019.jpg 960w\" sizes=\"auto, (max-width: 80px) 100vw, 80px\" \/><\/a><div class='slide-content'><header class=\"entry-content-header\"><h3 class='slide-entry-title entry-title' ><a href='https:\/\/ffbraunau.at\/wordpress\/?p=10233' title='21.09.2019 - Tag der offenen T\u00fcr'>21.09.2019 - Tag der offenen T\u00fcr<\/a><\/h3><span class=\"av-vertical-delimiter\"><\/span><\/header><\/div><footer class=\"entry-footer\"><\/footer><\/article><\/div><\/div><div class='pagination-wrap pagination-slider'><nav class='pagination'><span class='pagination-meta'>Seite 1 von 4<\/span><span class='current'>1<\/span><a href='https:\/\/ffbraunau.at\/wordpress\/index.php?rest_route=%2Fwp%2Fv2%2Fpages%2F9024&#038;paged=2' class='inactive' >2<\/a><a href='https:\/\/ffbraunau.at\/wordpress\/index.php?rest_route=%2Fwp%2Fv2%2Fpages%2F9024&#038;paged=3' class='inactive' >3<\/a><a href='https:\/\/ffbraunau.at\/wordpress\/index.php?rest_route=%2Fwp%2Fv2%2Fpages%2F9024&#038;paged=4' class='inactive' >4<\/a><\/nav>\n<\/div><\/div><\/div>\n","protected":false},"excerpt":{"rendered":"","protected":false},"author":3,"featured_media":0,"parent":0,"menu_order":0,"comment_status":"closed","ping_status":"open","template":"","meta":{"footnotes":"","_links_to":"","_links_to_target":""},"class_list":["post-9024","page","type-page","status-publish","hentry"],"_links":{"self":[{"href":"https:\/\/ffbraunau.at\/wordpress\/index.php?rest_route=\/wp\/v2\/pages\/9024","targetHints":{"allow":["GET"]}}],"collection":[{"href":"https:\/\/ffbraunau.at\/wordpress\/index.php?rest_route=\/wp\/v2\/pages"}],"about":[{"href":"https:\/\/ffbraunau.at\/wordpress\/index.php?rest_route=\/wp\/v2\/types\/page"}],"author":[{"embeddable":true,"href":"https:\/\/ffbraunau.at\/wordpress\/index.php?rest_route=\/wp\/v2\/users\/3"}],"replies":[{"embeddable":true,"href":"https:\/\/ffbraunau.at\/wordpress\/index.php?rest_route=%2Fwp%2Fv2%2Fcomments&post=9024"}],"version-history":[{"count":3,"href":"https:\/\/ffbraunau.at\/wordpress\/index.php?rest_route=\/wp\/v2\/pages\/9024\/revisions"}],"predecessor-version":[{"id":9031,"href":"https:\/\/ffbraunau.at\/wordpress\/index.php?rest_route=\/wp\/v2\/pages\/9024\/revisions\/9031"}],"wp:attachment":[{"href":"https:\/\/ffbraunau.at\/wordpress\/index.php?rest_route=%2Fwp%2Fv2%2Fmedia&parent=9024"}],"curies":[{"name":"wp","href":"https:\/\/api.w.org\/{rel}","templated":true}]}}