{"id":697,"date":"2015-11-20T09:21:16","date_gmt":"2015-11-20T09:21:16","guid":{"rendered":"http:\/\/ffbraunau.at\/wordpress\/?page_id=697"},"modified":"2015-12-01T09:14:45","modified_gmt":"2015-12-01T09:14:45","slug":"sirenensignale","status":"publish","type":"page","link":"https:\/\/ffbraunau.at\/wordpress\/?page_id=697","title":{"rendered":"Sirenensignale"},"content":{"rendered":"<div class=\"flex_column av_one_full  flex_column_div first  \" ><p><section class=\"av_textblock_section \" ><div class='avia_textblock  '  ><p><strong>Alarmsignale &#8211; Zivilschutz:<\/strong><\/p>\n<\/div><\/section><br \/>\n<div class='avia-image-container  av-styling-    avia-align-left '  ><div class='avia-image-container-inner'><img class='avia_image ' src='https:\/\/ffbraunau.at\/wordpress\/wp-content\/uploads\/2015\/11\/Warnung.jpg' alt='' title='Warnung'   \/><\/div><\/div><br \/>\n<div class='avia-image-container  av-styling-    avia-align-left '  ><div class='avia-image-container-inner'><img class='avia_image ' src='https:\/\/ffbraunau.at\/wordpress\/wp-content\/uploads\/2015\/11\/Alarm.jpg' alt='' title='Alarm'   \/><\/div><\/div><br \/>\n<div class='avia-image-container  av-styling-    avia-align-left '  ><div class='avia-image-container-inner'><img class='avia_image ' src='https:\/\/ffbraunau.at\/wordpress\/wp-content\/uploads\/2015\/11\/Entwarnung.jpg' alt='' title='Entwarnung'   \/><\/div><\/div><br \/>\n<section class=\"av_textblock_section \" ><div class='avia_textblock  '  ><p><strong>Was tun bei einem Zivilschutz-Alarm?<\/strong><\/p>\n<p>Wenn das Zivilschutzsignal &#8222;Warnung&#8220; ert\u00f6nt, sollten Sie unverz\u00fcglich das Radioger\u00e4t \/ TV-Ger\u00e4t einschalten.<br \/>\nDie Bundes- bzw. Landeswarnzentrale (hier wei\u00df man genaueres \u00fcber Art und Ausma\u00df der Katastrophe) gibt<br \/>\nentsprechende Hinweise f\u00fcr die Bev\u00f6lkerung an den ORF weiter. Dieser ver\u00f6ffentlicht die Informationen sofort.<\/p>\n<p>Um im Ernstfall richtig und besonnen reagieren zu k\u00f6nnen, sollte man bereits vorgesorgt haben:<\/p>\n<p>Besprechen Sie mit der Familie die M\u00f6glichkeit eines Notfalls und sinnvolle Verhaltensma\u00dfnahmen.<br \/>\nVorsorgen hei\u00dft Verantwortung zeigen. Denken Sie an:<br \/>\nHaushaltsbevorratung, Dokumente griffbereit aufbewahren, Notgep\u00e4ck, Kerzen, Taschenlampen, Batterieradio,&#8230;<\/p>\n<p><strong>weitere Alarmsignale:<\/strong><\/p>\n<\/div><\/section><\/p><\/div><div class='avia-image-container  av-styling-    avia-align-left '  ><div class='avia-image-container-inner'><img class='avia_image ' src='https:\/\/ffbraunau.at\/wordpress\/wp-content\/uploads\/2015\/11\/FW-Signale.jpg' alt='' title='FW-Signale'   \/><\/div><\/div><\/p>\n","protected":false},"excerpt":{"rendered":"","protected":false},"author":3,"featured_media":0,"parent":48,"menu_order":0,"comment_status":"closed","ping_status":"open","template":"","meta":{"footnotes":"","_links_to":"","_links_to_target":""},"class_list":["post-697","page","type-page","status-publish","hentry"],"_links":{"self":[{"href":"https:\/\/ffbraunau.at\/wordpress\/index.php?rest_route=\/wp\/v2\/pages\/697","targetHints":{"allow":["GET"]}}],"collection":[{"href":"https:\/\/ffbraunau.at\/wordpress\/index.php?rest_route=\/wp\/v2\/pages"}],"about":[{"href":"https:\/\/ffbraunau.at\/wordpress\/index.php?rest_route=\/wp\/v2\/types\/page"}],"author":[{"embeddable":true,"href":"https:\/\/ffbraunau.at\/wordpress\/index.php?rest_route=\/wp\/v2\/users\/3"}],"replies":[{"embeddable":true,"href":"https:\/\/ffbraunau.at\/wordpress\/index.php?rest_route=%2Fwp%2Fv2%2Fcomments&post=697"}],"version-history":[{"count":6,"href":"https:\/\/ffbraunau.at\/wordpress\/index.php?rest_route=\/wp\/v2\/pages\/697\/revisions"}],"predecessor-version":[{"id":888,"href":"https:\/\/ffbraunau.at\/wordpress\/index.php?rest_route=\/wp\/v2\/pages\/697\/revisions\/888"}],"up":[{"embeddable":true,"href":"https:\/\/ffbraunau.at\/wordpress\/index.php?rest_route=\/wp\/v2\/pages\/48"}],"wp:attachment":[{"href":"https:\/\/ffbraunau.at\/wordpress\/index.php?rest_route=%2Fwp%2Fv2%2Fmedia&parent=697"}],"curies":[{"name":"wp","href":"https:\/\/api.w.org\/{rel}","templated":true}]}}