{"id":695,"date":"2015-11-20T09:20:35","date_gmt":"2015-11-20T09:20:35","guid":{"rendered":"http:\/\/ffbraunau.at\/wordpress\/?page_id=695"},"modified":"2015-12-01T08:53:07","modified_gmt":"2015-12-01T08:53:07","slug":"verhalten-im-brandfall","status":"publish","type":"page","link":"https:\/\/ffbraunau.at\/wordpress\/?page_id=695","title":{"rendered":"Verhalten im Brandfall"},"content":{"rendered":"<div class=\"flex_column av_one_full  flex_column_div first  \" ><section class=\"av_textblock_section \" ><div class='avia_textblock  '  ><p><span style=\"text-decoration: underline;\"><strong>Richtiges Verhalten im Brandfall:<\/strong><\/span><\/p>\n<p>Wenn es trotz Einhaltung der wichtigsten Sicherheitshinweise zu brennen beginnt,<br \/>\nhei\u00dft es k\u00fchlen Kopf bewahren. Und vor allem das Richtige in der richtigen Reihenfolge tun:<\/p>\n<p><strong>1. Alarmieren<\/strong><\/p>\n<p>Verst\u00e4ndigen Sie die Feuerwehr (Notruf 122) und geben Sie folgende Informationen an:<br \/>\nWo brennt es? (Adresse angeben)<br \/>\nWas brennt? (Dachboden, Keller, Auto, etc.)<br \/>\nSind Menschen oder Tiere in Gefahr? (Verletzte melden)<\/p>\n<p><strong>2. Retten<\/strong><\/p>\n<p>Bringen Sie Verletzte aus dem Gefahrenbereich und warnen Sie gef\u00e4hrdete Personen.<\/p>\n<p><strong>3. L\u00f6schen<\/strong><\/p>\n<p>Verwenden Sie L\u00f6schhilfen wie Feuerl\u00f6scher, L\u00f6schdecken oder Wasser.<br \/>\nVergewissern Sie sich rechtzeitig, wo im Geb\u00e4ude die L\u00f6schhilfen angebracht sind.<\/p>\n<p><span style=\"text-decoration: underline;\"><strong>Zum Schutz des eigenen Lebens:<\/strong><\/span><\/p>\n<p>&#8211; Bewahren Sie Ruhe<br \/>\n&#8211; Entfernen Sie sich m\u00f6glichst weit vom Brandherd<br \/>\n&#8211; Benutzen Sie keinesfalls Aufz\u00fcge und verqualmte Fluchtwege<br \/>\n&#8211; Schlie\u00dfen Sie alle T\u00fcren zwischen sich und dem Feuer<br \/>\n&#8211; Pressen Sie sich bei Rauchentwicklung ein nasses Tuch von Nase und Mund<br \/>\n&#8211; Dichten Sie T\u00fcrritzen mit nassen T\u00fcchern ab<br \/>\n&#8211; Warten Sie bei ge\u00f6ffnetem Fenster auf die Feuerwehr und machen Sie sich bemerkbar<\/p>\n<p><strong><span style=\"text-decoration: underline;\">Wirksame Schutzma\u00dfnahmen:<\/span><\/strong><\/p>\n<p>Bereits mit einfachen aber wichtigen Schutzma\u00dfnahmen k\u00f6nnen Sie daf\u00fcr sorgen,<br \/>\ndass es erst\u00a0gar nicht zur Brandentstehung kommt:<\/p>\n<p>&#8211; Jeder (und damit auch Ihr Haushalt) sollte mit einem Feuerl\u00f6scher ausgestattet sein.<br \/>\nMachen Sie sich mit dessen Bedienung vertraut.<br \/>\n&#8211; Rauchmelder f\u00fcr den Wohnbereich warnen durch einen schrillen Alarm-Ton rechtzeitig vor Rauch oder Feuer.<br \/>\nRauchmelder sind einfach zu montieren und k\u00f6nnen Leben retten.<\/p>\n<\/div><\/section><\/div>\n","protected":false},"excerpt":{"rendered":"","protected":false},"author":3,"featured_media":0,"parent":48,"menu_order":0,"comment_status":"closed","ping_status":"open","template":"","meta":{"footnotes":"","_links_to":"","_links_to_target":""},"class_list":["post-695","page","type-page","status-publish","hentry"],"_links":{"self":[{"href":"https:\/\/ffbraunau.at\/wordpress\/index.php?rest_route=\/wp\/v2\/pages\/695","targetHints":{"allow":["GET"]}}],"collection":[{"href":"https:\/\/ffbraunau.at\/wordpress\/index.php?rest_route=\/wp\/v2\/pages"}],"about":[{"href":"https:\/\/ffbraunau.at\/wordpress\/index.php?rest_route=\/wp\/v2\/types\/page"}],"author":[{"embeddable":true,"href":"https:\/\/ffbraunau.at\/wordpress\/index.php?rest_route=\/wp\/v2\/users\/3"}],"replies":[{"embeddable":true,"href":"https:\/\/ffbraunau.at\/wordpress\/index.php?rest_route=%2Fwp%2Fv2%2Fcomments&post=695"}],"version-history":[{"count":4,"href":"https:\/\/ffbraunau.at\/wordpress\/index.php?rest_route=\/wp\/v2\/pages\/695\/revisions"}],"predecessor-version":[{"id":879,"href":"https:\/\/ffbraunau.at\/wordpress\/index.php?rest_route=\/wp\/v2\/pages\/695\/revisions\/879"}],"up":[{"embeddable":true,"href":"https:\/\/ffbraunau.at\/wordpress\/index.php?rest_route=\/wp\/v2\/pages\/48"}],"wp:attachment":[{"href":"https:\/\/ffbraunau.at\/wordpress\/index.php?rest_route=%2Fwp%2Fv2%2Fmedia&parent=695"}],"curies":[{"name":"wp","href":"https:\/\/api.w.org\/{rel}","templated":true}]}}