{"id":6404,"date":"2017-12-01T11:44:14","date_gmt":"2017-12-01T11:44:14","guid":{"rendered":"http:\/\/ffbraunau.at\/wordpress\/?page_id=6404"},"modified":"2018-02-14T14:00:59","modified_gmt":"2018-02-14T14:00:59","slug":"einsaetze-2018","status":"publish","type":"page","link":"https:\/\/ffbraunau.at\/wordpress\/?page_id=6404","title":{"rendered":"Eins\u00e4tze 2018"},"content":{"rendered":"<div class=\"flex_column av_one_full  flex_column_div av-zero-column-padding first  \" style='border-radius:0px; '><div  data-autoplay=''  data-interval='5'  data-animation='fade'  data-show_slide_delay='90'  class='avia-content-slider avia-content-grid-active avia-content-slider1 avia-content-slider-odd  ' ><div class='avia-content-slider-inner'><div class='slide-entry-wrap'><article class='slide-entry flex_column  post-entry post-entry-8978 slide-entry-overview slide-loop-1 slide-parity-odd  av_fullwidth first real-thumbnail' ><a href='https:\/\/ffbraunau.at\/wordpress\/?p=8978' data-rel='slide-1' class='slide-image' title=''><img loading=\"lazy\" decoding=\"async\" width=\"80\" height=\"80\" src=\"https:\/\/ffbraunau.at\/wordpress\/wp-content\/uploads\/2018\/12\/Foto-1-kl-80x80.jpg\" class=\"attachment-thumbnail size-thumbnail wp-post-image\" alt=\"\" srcset=\"https:\/\/ffbraunau.at\/wordpress\/wp-content\/uploads\/2018\/12\/Foto-1-kl-80x80.jpg 80w, https:\/\/ffbraunau.at\/wordpress\/wp-content\/uploads\/2018\/12\/Foto-1-kl-36x36.jpg 36w, https:\/\/ffbraunau.at\/wordpress\/wp-content\/uploads\/2018\/12\/Foto-1-kl-180x180.jpg 180w, https:\/\/ffbraunau.at\/wordpress\/wp-content\/uploads\/2018\/12\/Foto-1-kl-120x120.jpg 120w, https:\/\/ffbraunau.at\/wordpress\/wp-content\/uploads\/2018\/12\/Foto-1-kl-450x450.jpg 450w\" sizes=\"auto, (max-width: 80px) 100vw, 80px\" \/><\/a><div class='slide-content'><header class=\"entry-content-header\"><h3 class='slide-entry-title entry-title' ><a href='https:\/\/ffbraunau.at\/wordpress\/?p=8978' title='31.12.2018 - BRAND KAMIN'>31.12.2018 - BRAND KAMIN<\/a><\/h3><span class=\"av-vertical-delimiter\"><\/span><\/header><\/div><footer class=\"entry-footer\"><\/footer><\/article><\/div><div class='slide-entry-wrap'><article class='slide-entry flex_column  post-entry post-entry-8951 slide-entry-overview slide-loop-2 slide-parity-odd  av_fullwidth first real-thumbnail' ><a href='https:\/\/ffbraunau.at\/wordpress\/?p=8951' data-rel='slide-1' class='slide-image' title=''><img loading=\"lazy\" decoding=\"async\" width=\"80\" height=\"80\" src=\"https:\/\/ffbraunau.at\/wordpress\/wp-content\/uploads\/Symbolfotos\/TLF2-80x80.jpg\" class=\"attachment-thumbnail size-thumbnail wp-post-image\" alt=\"\" srcset=\"https:\/\/ffbraunau.at\/wordpress\/wp-content\/uploads\/Symbolfotos\/TLF2-80x80.jpg 80w, https:\/\/ffbraunau.at\/wordpress\/wp-content\/uploads\/Symbolfotos\/TLF2-300x300.jpg 300w, https:\/\/ffbraunau.at\/wordpress\/wp-content\/uploads\/Symbolfotos\/TLF2-36x36.jpg 36w, https:\/\/ffbraunau.at\/wordpress\/wp-content\/uploads\/Symbolfotos\/TLF2-180x180.jpg 180w, https:\/\/ffbraunau.at\/wordpress\/wp-content\/uploads\/Symbolfotos\/TLF2-120x120.jpg 120w, https:\/\/ffbraunau.at\/wordpress\/wp-content\/uploads\/Symbolfotos\/TLF2.jpg 345w\" sizes=\"auto, (max-width: 80px) 100vw, 80px\" \/><\/a><div class='slide-content'><header class=\"entry-content-header\"><h3 class='slide-entry-title entry-title' ><a href='https:\/\/ffbraunau.at\/wordpress\/?p=8951' title='30.12.2018 - \u00d6LSPUR, \u00d6LAUSTRITT'>30.12.2018 - \u00d6LSPUR, \u00d6LAUSTRITT<\/a><\/h3><span class=\"av-vertical-delimiter\"><\/span><\/header><\/div><footer class=\"entry-footer\"><\/footer><\/article><\/div><div class='slide-entry-wrap'><article class='slide-entry flex_column  post-entry post-entry-8949 slide-entry-overview slide-loop-3 slide-parity-odd  av_fullwidth first real-thumbnail' ><a href='https:\/\/ffbraunau.at\/wordpress\/?p=8949' data-rel='slide-1' class='slide-image' title=''><img loading=\"lazy\" decoding=\"async\" width=\"80\" height=\"69\" src=\"https:\/\/ffbraunau.at\/wordpress\/wp-content\/uploads\/Symbolfotos\/Oel-80x69.jpg\" class=\"attachment-thumbnail size-thumbnail wp-post-image\" alt=\"\" \/><\/a><div class='slide-content'><header class=\"entry-content-header\"><h3 class='slide-entry-title entry-title' ><a href='https:\/\/ffbraunau.at\/wordpress\/?p=8949' title='30.12.2018 - \u00d6LSPUR, \u00d6LAUSTRITT'>30.12.2018 - \u00d6LSPUR, \u00d6LAUSTRITT<\/a><\/h3><span class=\"av-vertical-delimiter\"><\/span><\/header><\/div><footer class=\"entry-footer\"><\/footer><\/article><\/div><div class='slide-entry-wrap'><article class='slide-entry flex_column  post-entry post-entry-8946 slide-entry-overview slide-loop-4 slide-parity-odd  av_fullwidth first real-thumbnail' ><a href='https:\/\/ffbraunau.at\/wordpress\/?p=8946' data-rel='slide-1' class='slide-image' title=''><img loading=\"lazy\" decoding=\"async\" width=\"80\" height=\"80\" src=\"https:\/\/ffbraunau.at\/wordpress\/wp-content\/uploads\/Symbolfotos\/Blaulicht-80x80.jpg\" class=\"attachment-thumbnail size-thumbnail wp-post-image\" alt=\"\" srcset=\"https:\/\/ffbraunau.at\/wordpress\/wp-content\/uploads\/Symbolfotos\/Blaulicht-80x80.jpg 80w, https:\/\/ffbraunau.at\/wordpress\/wp-content\/uploads\/Symbolfotos\/Blaulicht-300x300.jpg 300w, https:\/\/ffbraunau.at\/wordpress\/wp-content\/uploads\/Symbolfotos\/Blaulicht-36x36.jpg 36w, https:\/\/ffbraunau.at\/wordpress\/wp-content\/uploads\/Symbolfotos\/Blaulicht-180x180.jpg 180w, https:\/\/ffbraunau.at\/wordpress\/wp-content\/uploads\/Symbolfotos\/Blaulicht-120x120.jpg 120w, https:\/\/ffbraunau.at\/wordpress\/wp-content\/uploads\/Symbolfotos\/Blaulicht.jpg 345w\" sizes=\"auto, (max-width: 80px) 100vw, 80px\" \/><\/a><div class='slide-content'><header class=\"entry-content-header\"><h3 class='slide-entry-title entry-title' ><a href='https:\/\/ffbraunau.at\/wordpress\/?p=8946' title='30.12.2018 - TECHNISCHER EINSATZ KLEIN'>30.12.2018 - TECHNISCHER EINSATZ KLEIN<\/a><\/h3><span class=\"av-vertical-delimiter\"><\/span><\/header><\/div><footer class=\"entry-footer\"><\/footer><\/article><\/div><div class='slide-entry-wrap'><article class='slide-entry flex_column  post-entry post-entry-8934 slide-entry-overview slide-loop-5 slide-parity-odd  av_fullwidth first real-thumbnail' ><a href='https:\/\/ffbraunau.at\/wordpress\/?p=8934' data-rel='slide-1' class='slide-image' title=''><img loading=\"lazy\" decoding=\"async\" width=\"69\" height=\"80\" src=\"https:\/\/ffbraunau.at\/wordpress\/wp-content\/uploads\/Symbolfotos\/DLK2-69x80.jpg\" class=\"attachment-thumbnail size-thumbnail wp-post-image\" alt=\"\" \/><\/a><div class='slide-content'><header class=\"entry-content-header\"><h3 class='slide-entry-title entry-title' ><a href='https:\/\/ffbraunau.at\/wordpress\/?p=8934' title='27.12.2018 - PERSONENRETTUNG'>27.12.2018 - PERSONENRETTUNG<\/a><\/h3><span class=\"av-vertical-delimiter\"><\/span><\/header><\/div><footer class=\"entry-footer\"><\/footer><\/article><\/div><div class='slide-entry-wrap'><article class='slide-entry flex_column  post-entry post-entry-8916 slide-entry-overview slide-loop-6 slide-parity-odd  av_fullwidth first real-thumbnail' ><a href='https:\/\/ffbraunau.at\/wordpress\/?p=8916' data-rel='slide-1' class='slide-image' title=''><img loading=\"lazy\" decoding=\"async\" width=\"80\" height=\"80\" src=\"https:\/\/ffbraunau.at\/wordpress\/wp-content\/uploads\/Symbolfotos\/TLF2-80x80.jpg\" class=\"attachment-thumbnail size-thumbnail wp-post-image\" alt=\"\" srcset=\"https:\/\/ffbraunau.at\/wordpress\/wp-content\/uploads\/Symbolfotos\/TLF2-80x80.jpg 80w, https:\/\/ffbraunau.at\/wordpress\/wp-content\/uploads\/Symbolfotos\/TLF2-300x300.jpg 300w, https:\/\/ffbraunau.at\/wordpress\/wp-content\/uploads\/Symbolfotos\/TLF2-36x36.jpg 36w, https:\/\/ffbraunau.at\/wordpress\/wp-content\/uploads\/Symbolfotos\/TLF2-180x180.jpg 180w, https:\/\/ffbraunau.at\/wordpress\/wp-content\/uploads\/Symbolfotos\/TLF2-120x120.jpg 120w, https:\/\/ffbraunau.at\/wordpress\/wp-content\/uploads\/Symbolfotos\/TLF2.jpg 345w\" sizes=\"auto, (max-width: 80px) 100vw, 80px\" \/><\/a><div class='slide-content'><header class=\"entry-content-header\"><h3 class='slide-entry-title entry-title' ><a href='https:\/\/ffbraunau.at\/wordpress\/?p=8916' title='21.12.2018 - VERKEHRSUNFALL EINGEKLEMMTE PERSON'>21.12.2018 - VERKEHRSUNFALL EINGEKLEMMTE PERSON<\/a><\/h3><span class=\"av-vertical-delimiter\"><\/span><\/header><\/div><footer class=\"entry-footer\"><\/footer><\/article><\/div><div class='slide-entry-wrap'><article class='slide-entry flex_column  post-entry post-entry-8905 slide-entry-overview slide-loop-7 slide-parity-odd  av_fullwidth first real-thumbnail' ><a href='https:\/\/ffbraunau.at\/wordpress\/?p=8905' data-rel='slide-1' class='slide-image' title=''><img loading=\"lazy\" decoding=\"async\" width=\"80\" height=\"80\" src=\"https:\/\/ffbraunau.at\/wordpress\/wp-content\/uploads\/2018\/12\/48404254_2179688948778109_4110309201492836352_o-80x80.jpg\" class=\"attachment-thumbnail size-thumbnail wp-post-image\" alt=\"\" srcset=\"https:\/\/ffbraunau.at\/wordpress\/wp-content\/uploads\/2018\/12\/48404254_2179688948778109_4110309201492836352_o-80x80.jpg 80w, https:\/\/ffbraunau.at\/wordpress\/wp-content\/uploads\/2018\/12\/48404254_2179688948778109_4110309201492836352_o-36x36.jpg 36w, https:\/\/ffbraunau.at\/wordpress\/wp-content\/uploads\/2018\/12\/48404254_2179688948778109_4110309201492836352_o-180x180.jpg 180w, https:\/\/ffbraunau.at\/wordpress\/wp-content\/uploads\/2018\/12\/48404254_2179688948778109_4110309201492836352_o-120x120.jpg 120w, https:\/\/ffbraunau.at\/wordpress\/wp-content\/uploads\/2018\/12\/48404254_2179688948778109_4110309201492836352_o-450x450.jpg 450w\" sizes=\"auto, (max-width: 80px) 100vw, 80px\" \/><\/a><div class='slide-content'><header class=\"entry-content-header\"><h3 class='slide-entry-title entry-title' ><a href='https:\/\/ffbraunau.at\/wordpress\/?p=8905' title='20.12.2018 - BRANDVERDACHT - RAINERSTRASSE'>20.12.2018 - BRANDVERDACHT - RAINERSTRASSE<\/a><\/h3><span class=\"av-vertical-delimiter\"><\/span><\/header><\/div><footer class=\"entry-footer\"><\/footer><\/article><\/div><div class='slide-entry-wrap'><article class='slide-entry flex_column  post-entry post-entry-8888 slide-entry-overview slide-loop-8 slide-parity-odd  av_fullwidth first real-thumbnail' ><a href='https:\/\/ffbraunau.at\/wordpress\/?p=8888' data-rel='slide-1' class='slide-image' title=''><img loading=\"lazy\" decoding=\"async\" width=\"80\" height=\"80\" src=\"https:\/\/ffbraunau.at\/wordpress\/wp-content\/uploads\/Symbolfotos\/Blaulicht-80x80.jpg\" class=\"attachment-thumbnail size-thumbnail wp-post-image\" alt=\"\" srcset=\"https:\/\/ffbraunau.at\/wordpress\/wp-content\/uploads\/Symbolfotos\/Blaulicht-80x80.jpg 80w, https:\/\/ffbraunau.at\/wordpress\/wp-content\/uploads\/Symbolfotos\/Blaulicht-300x300.jpg 300w, https:\/\/ffbraunau.at\/wordpress\/wp-content\/uploads\/Symbolfotos\/Blaulicht-36x36.jpg 36w, https:\/\/ffbraunau.at\/wordpress\/wp-content\/uploads\/Symbolfotos\/Blaulicht-180x180.jpg 180w, https:\/\/ffbraunau.at\/wordpress\/wp-content\/uploads\/Symbolfotos\/Blaulicht-120x120.jpg 120w, https:\/\/ffbraunau.at\/wordpress\/wp-content\/uploads\/Symbolfotos\/Blaulicht.jpg 345w\" sizes=\"auto, (max-width: 80px) 100vw, 80px\" \/><\/a><div class='slide-content'><header class=\"entry-content-header\"><h3 class='slide-entry-title entry-title' ><a href='https:\/\/ffbraunau.at\/wordpress\/?p=8888' title='16.12.2018 - KLEINALARM'>16.12.2018 - KLEINALARM<\/a><\/h3><span class=\"av-vertical-delimiter\"><\/span><\/header><\/div><footer class=\"entry-footer\"><\/footer><\/article><\/div><div class='slide-entry-wrap'><article class='slide-entry flex_column  post-entry post-entry-8874 slide-entry-overview slide-loop-9 slide-parity-odd  av_fullwidth first real-thumbnail' ><a href='https:\/\/ffbraunau.at\/wordpress\/?p=8874' data-rel='slide-1' class='slide-image' title=''><img loading=\"lazy\" decoding=\"async\" width=\"80\" height=\"80\" src=\"https:\/\/ffbraunau.at\/wordpress\/wp-content\/uploads\/Symbolfotos\/TLF2-80x80.jpg\" class=\"attachment-thumbnail size-thumbnail wp-post-image\" alt=\"\" srcset=\"https:\/\/ffbraunau.at\/wordpress\/wp-content\/uploads\/Symbolfotos\/TLF2-80x80.jpg 80w, https:\/\/ffbraunau.at\/wordpress\/wp-content\/uploads\/Symbolfotos\/TLF2-300x300.jpg 300w, https:\/\/ffbraunau.at\/wordpress\/wp-content\/uploads\/Symbolfotos\/TLF2-36x36.jpg 36w, https:\/\/ffbraunau.at\/wordpress\/wp-content\/uploads\/Symbolfotos\/TLF2-180x180.jpg 180w, https:\/\/ffbraunau.at\/wordpress\/wp-content\/uploads\/Symbolfotos\/TLF2-120x120.jpg 120w, https:\/\/ffbraunau.at\/wordpress\/wp-content\/uploads\/Symbolfotos\/TLF2.jpg 345w\" sizes=\"auto, (max-width: 80px) 100vw, 80px\" \/><\/a><div class='slide-content'><header class=\"entry-content-header\"><h3 class='slide-entry-title entry-title' ><a href='https:\/\/ffbraunau.at\/wordpress\/?p=8874' title='14.12.2018 - WASSERSCHADEN'>14.12.2018 - WASSERSCHADEN<\/a><\/h3><span class=\"av-vertical-delimiter\"><\/span><\/header><\/div><footer class=\"entry-footer\"><\/footer><\/article><\/div><div class='slide-entry-wrap'><article class='slide-entry flex_column  post-entry post-entry-8861 slide-entry-overview slide-loop-10 slide-parity-odd  post-entry-last  av_fullwidth first real-thumbnail' ><a href='https:\/\/ffbraunau.at\/wordpress\/?p=8861' data-rel='slide-1' class='slide-image' title=''><img loading=\"lazy\" decoding=\"async\" width=\"80\" height=\"80\" src=\"https:\/\/ffbraunau.at\/wordpress\/wp-content\/uploads\/Symbolfotos\/Einsatzfahrzeuge-80x80.jpg\" class=\"attachment-thumbnail size-thumbnail wp-post-image\" alt=\"\" srcset=\"https:\/\/ffbraunau.at\/wordpress\/wp-content\/uploads\/Symbolfotos\/Einsatzfahrzeuge-80x80.jpg 80w, https:\/\/ffbraunau.at\/wordpress\/wp-content\/uploads\/Symbolfotos\/Einsatzfahrzeuge-36x36.jpg 36w\" sizes=\"auto, (max-width: 80px) 100vw, 80px\" \/><\/a><div class='slide-content'><header class=\"entry-content-header\"><h3 class='slide-entry-title entry-title' ><a href='https:\/\/ffbraunau.at\/wordpress\/?p=8861' title='12.12.2018 - BRANDVERDACHT'>12.12.2018 - BRANDVERDACHT<\/a><\/h3><span class=\"av-vertical-delimiter\"><\/span><\/header><\/div><footer class=\"entry-footer\"><\/footer><\/article><\/div><\/div><div class='pagination-wrap pagination-slider'><nav class='pagination'><span class='pagination-meta'>Seite 1 von 14<\/span><span class='current'>1<\/span><a href='https:\/\/ffbraunau.at\/wordpress\/index.php?rest_route=%2Fwp%2Fv2%2Fpages%2F6404&#038;paged=2' class='inactive' >2<\/a><a href='https:\/\/ffbraunau.at\/wordpress\/index.php?rest_route=%2Fwp%2Fv2%2Fpages%2F6404&#038;paged=3' class='inactive' >3<\/a><a href='https:\/\/ffbraunau.at\/wordpress\/index.php?rest_route=%2Fwp%2Fv2%2Fpages%2F6404&#038;paged=2'>&rsaquo;<\/a><a href='https:\/\/ffbraunau.at\/wordpress\/index.php?rest_route=%2Fwp%2Fv2%2Fpages%2F6404&#038;paged=14'>&raquo;<\/a><\/nav>\n<\/div><\/div><\/div>\n","protected":false},"excerpt":{"rendered":"","protected":false},"author":3,"featured_media":0,"parent":15,"menu_order":1,"comment_status":"closed","ping_status":"open","template":"","meta":{"footnotes":"","_links_to":"","_links_to_target":""},"class_list":["post-6404","page","type-page","status-publish","hentry"],"_links":{"self":[{"href":"https:\/\/ffbraunau.at\/wordpress\/index.php?rest_route=\/wp\/v2\/pages\/6404","targetHints":{"allow":["GET"]}}],"collection":[{"href":"https:\/\/ffbraunau.at\/wordpress\/index.php?rest_route=\/wp\/v2\/pages"}],"about":[{"href":"https:\/\/ffbraunau.at\/wordpress\/index.php?rest_route=\/wp\/v2\/types\/page"}],"author":[{"embeddable":true,"href":"https:\/\/ffbraunau.at\/wordpress\/index.php?rest_route=\/wp\/v2\/users\/3"}],"replies":[{"embeddable":true,"href":"https:\/\/ffbraunau.at\/wordpress\/index.php?rest_route=%2Fwp%2Fv2%2Fcomments&post=6404"}],"version-history":[{"count":6,"href":"https:\/\/ffbraunau.at\/wordpress\/index.php?rest_route=\/wp\/v2\/pages\/6404\/revisions"}],"predecessor-version":[{"id":10629,"href":"https:\/\/ffbraunau.at\/wordpress\/index.php?rest_route=\/wp\/v2\/pages\/6404\/revisions\/10629"}],"up":[{"embeddable":true,"href":"https:\/\/ffbraunau.at\/wordpress\/index.php?rest_route=\/wp\/v2\/pages\/15"}],"wp:attachment":[{"href":"https:\/\/ffbraunau.at\/wordpress\/index.php?rest_route=%2Fwp%2Fv2%2Fmedia&parent=6404"}],"curies":[{"name":"wp","href":"https:\/\/api.w.org\/{rel}","templated":true}]}}