{"id":38,"date":"2015-02-24T12:48:18","date_gmt":"2015-02-24T12:48:18","guid":{"rendered":"http:\/\/ffbraunau.at\/wordpress\/?page_id=38"},"modified":"2024-07-20T12:44:06","modified_gmt":"2024-07-20T12:44:06","slug":"fahrzeuge","status":"publish","type":"page","link":"https:\/\/ffbraunau.at\/wordpress\/?page_id=38","title":{"rendered":"Fahrzeuge alt"},"content":{"rendered":"<div class=\"flex_column av_one_full  flex_column_div av-zero-column-padding first  \" style='border-radius:0px; '><section class=\"av_textblock_section \" ><div class='avia_textblock  '  ><p><span style=\"font-size: 18pt;\"><strong>Die Fahrzeuge der Feuerwehr Braunau:<\/strong><\/span><\/p>\n<\/div><\/section><\/div>\n<div  data-autoplay=''  data-interval='5'  data-animation='fade'  data-show_slide_delay='90'  class='avia-content-slider avia-content-grid-active avia-content-slider1 avia-content-slider-even  ' ><div class='avia-content-slider-inner'><div class='slide-entry-wrap'><article class='slide-entry flex_column  post-entry post-entry-343 slide-entry-overview slide-loop-1 slide-parity-odd  av_one_half first real-thumbnail' ><a href='https:\/\/ffbraunau.at\/wordpress\/?p=343' data-rel='slide-1' class='slide-image' title=''><img loading=\"lazy\" decoding=\"async\" width=\"80\" height=\"60\" src=\"https:\/\/ffbraunau.at\/wordpress\/wp-content\/uploads\/2024\/07\/KDO_1.jpg\" class=\"attachment-thumbnail size-thumbnail wp-post-image\" alt=\"\" \/><\/a><div class='slide-content'><header class=\"entry-content-header\"><h3 class='slide-entry-title entry-title' ><a href='https:\/\/ffbraunau.at\/wordpress\/?p=343' title='KDO-F 1'>KDO-F 1<\/a><\/h3><span class=\"av-vertical-delimiter\"><\/span><\/header><\/div><footer class=\"entry-footer\"><\/footer><\/article><article class='slide-entry flex_column  post-entry post-entry-104053 slide-entry-overview slide-loop-2 slide-parity-even  av_one_half  real-thumbnail' ><a href='https:\/\/ffbraunau.at\/wordpress\/?p=104053' data-rel='slide-1' class='slide-image' title=''><img loading=\"lazy\" decoding=\"async\" width=\"80\" height=\"60\" src=\"https:\/\/ffbraunau.at\/wordpress\/wp-content\/uploads\/2024\/07\/LAST_2_AB_MULDE.jpg\" class=\"attachment-thumbnail size-thumbnail wp-post-image\" alt=\"\" \/><\/a><div class='slide-content'><header class=\"entry-content-header\"><h3 class='slide-entry-title entry-title' ><a href='https:\/\/ffbraunau.at\/wordpress\/?p=104053' title='WLF-K (LAST 2) &amp; AB MULDE'>WLF-K (LAST 2) & AB MULDE<\/a><\/h3><span class=\"av-vertical-delimiter\"><\/span><\/header><\/div><footer class=\"entry-footer\"><\/footer><\/article><\/div><div class='slide-entry-wrap'><article class='slide-entry flex_column  post-entry post-entry-345 slide-entry-overview slide-loop-3 slide-parity-odd  av_one_half first real-thumbnail' ><a href='https:\/\/ffbraunau.at\/wordpress\/?p=345' data-rel='slide-1' class='slide-image' title=''><img loading=\"lazy\" decoding=\"async\" width=\"80\" height=\"60\" src=\"https:\/\/ffbraunau.at\/wordpress\/wp-content\/uploads\/2024\/07\/KDO_2.jpg\" class=\"attachment-thumbnail size-thumbnail wp-post-image\" alt=\"\" \/><\/a><div class='slide-content'><header class=\"entry-content-header\"><h3 class='slide-entry-title entry-title' ><a href='https:\/\/ffbraunau.at\/wordpress\/?p=345' title='KDO-F 2'>KDO-F 2<\/a><\/h3><span class=\"av-vertical-delimiter\"><\/span><\/header><\/div><footer class=\"entry-footer\"><\/footer><\/article><article class='slide-entry flex_column  post-entry post-entry-1110 slide-entry-overview slide-loop-4 slide-parity-even  av_one_half  real-thumbnail' ><a href='https:\/\/ffbraunau.at\/wordpress\/?p=1110' data-rel='slide-1' class='slide-image' title=''><img loading=\"lazy\" decoding=\"async\" width=\"80\" height=\"60\" src=\"https:\/\/ffbraunau.at\/wordpress\/wp-content\/uploads\/2024\/07\/KDO_3.jpg\" class=\"attachment-thumbnail size-thumbnail wp-post-image\" alt=\"\" \/><\/a><div class='slide-content'><header class=\"entry-content-header\"><h3 class='slide-entry-title entry-title' ><a href='https:\/\/ffbraunau.at\/wordpress\/?p=1110' title='KDO-F 3'>KDO-F 3<\/a><\/h3><span class=\"av-vertical-delimiter\"><\/span><\/header><\/div><footer class=\"entry-footer\"><\/footer><\/article><\/div><div class='slide-entry-wrap'><article class='slide-entry flex_column  post-entry post-entry-335 slide-entry-overview slide-loop-5 slide-parity-odd  av_one_half first real-thumbnail' ><a href='https:\/\/ffbraunau.at\/wordpress\/?p=335' data-rel='slide-1' class='slide-image' title=''><img loading=\"lazy\" decoding=\"async\" width=\"80\" height=\"60\" src=\"https:\/\/ffbraunau.at\/wordpress\/wp-content\/uploads\/2024\/07\/KLF.jpg\" class=\"attachment-thumbnail size-thumbnail wp-post-image\" alt=\"\" \/><\/a><div class='slide-content'><header class=\"entry-content-header\"><h3 class='slide-entry-title entry-title' ><a href='https:\/\/ffbraunau.at\/wordpress\/?p=335' title='KLF'>KLF<\/a><\/h3><span class=\"av-vertical-delimiter\"><\/span><\/header><\/div><footer class=\"entry-footer\"><\/footer><\/article><article class='slide-entry flex_column  post-entry post-entry-338 slide-entry-overview slide-loop-6 slide-parity-even  av_one_half  real-thumbnail' ><a href='https:\/\/ffbraunau.at\/wordpress\/?p=338' data-rel='slide-1' class='slide-image' title=''><img loading=\"lazy\" decoding=\"async\" width=\"80\" height=\"60\" src=\"https:\/\/ffbraunau.at\/wordpress\/wp-content\/uploads\/2024\/07\/TANK_1.jpg\" class=\"attachment-thumbnail size-thumbnail wp-post-image\" alt=\"\" \/><\/a><div class='slide-content'><header class=\"entry-content-header\"><h3 class='slide-entry-title entry-title' ><a href='https:\/\/ffbraunau.at\/wordpress\/?p=338' title='TLF-A 4000\/400 (TANK 1)'>TLF-A 4000\/400 (TANK 1)<\/a><\/h3><span class=\"av-vertical-delimiter\"><\/span><\/header><\/div><footer class=\"entry-footer\"><\/footer><\/article><\/div><div class='slide-entry-wrap'><article class='slide-entry flex_column  post-entry post-entry-340 slide-entry-overview slide-loop-7 slide-parity-odd  av_one_half first real-thumbnail' ><a href='https:\/\/ffbraunau.at\/wordpress\/?p=340' data-rel='slide-1' class='slide-image' title=''><img loading=\"lazy\" decoding=\"async\" width=\"80\" height=\"60\" src=\"https:\/\/ffbraunau.at\/wordpress\/wp-content\/uploads\/2024\/07\/TANK_2.jpg\" class=\"attachment-thumbnail size-thumbnail wp-post-image\" alt=\"\" \/><\/a><div class='slide-content'><header class=\"entry-content-header\"><h3 class='slide-entry-title entry-title' ><a href='https:\/\/ffbraunau.at\/wordpress\/?p=340' title='RLF-A 2000\/100 (TANK 2)'>RLF-A 2000\/100 (TANK 2)<\/a><\/h3><span class=\"av-vertical-delimiter\"><\/span><\/header><\/div><footer class=\"entry-footer\"><\/footer><\/article><article class='slide-entry flex_column  post-entry post-entry-349 slide-entry-overview slide-loop-8 slide-parity-even  av_one_half  real-thumbnail' ><a href='https:\/\/ffbraunau.at\/wordpress\/?p=349' data-rel='slide-1' class='slide-image' title=''><img loading=\"lazy\" decoding=\"async\" width=\"80\" height=\"60\" src=\"https:\/\/ffbraunau.at\/wordpress\/wp-content\/uploads\/2024\/07\/KDO_2_HR_A.jpg\" class=\"attachment-thumbnail size-thumbnail wp-post-image\" alt=\"\" \/><\/a><div class='slide-content'><header class=\"entry-content-header\"><h3 class='slide-entry-title entry-title' ><a href='https:\/\/ffbraunau.at\/wordpress\/?p=349' title='KDO-F 2 &amp; H\u00f6henretter-Anh\u00e4nger'>KDO-F 2 & H\u00f6henretter-Anh\u00e4nger<\/a><\/h3><span class=\"av-vertical-delimiter\"><\/span><\/header><\/div><footer class=\"entry-footer\"><\/footer><\/article><\/div><div class='slide-entry-wrap'><article class='slide-entry flex_column  post-entry post-entry-351 slide-entry-overview slide-loop-9 slide-parity-odd  av_one_half first real-thumbnail' ><a href='https:\/\/ffbraunau.at\/wordpress\/?p=351' data-rel='slide-1' class='slide-image' title=''><img loading=\"lazy\" decoding=\"async\" width=\"80\" height=\"60\" src=\"https:\/\/ffbraunau.at\/wordpress\/wp-content\/uploads\/2024\/07\/DLK.jpg\" class=\"attachment-thumbnail size-thumbnail wp-post-image\" alt=\"\" \/><\/a><div class='slide-content'><header class=\"entry-content-header\"><h3 class='slide-entry-title entry-title' ><a href='https:\/\/ffbraunau.at\/wordpress\/?p=351' title='DLK 23\/12'>DLK 23\/12<\/a><\/h3><span class=\"av-vertical-delimiter\"><\/span><\/header><\/div><footer class=\"entry-footer\"><\/footer><\/article><article class='slide-entry flex_column  post-entry post-entry-355 slide-entry-overview slide-loop-10 slide-parity-even  av_one_half  real-thumbnail' ><a href='https:\/\/ffbraunau.at\/wordpress\/?p=355' data-rel='slide-1' class='slide-image' title=''><img loading=\"lazy\" decoding=\"async\" width=\"80\" height=\"60\" src=\"https:\/\/ffbraunau.at\/wordpress\/wp-content\/uploads\/2024\/07\/LAST_2_AB_RUeST.jpg\" class=\"attachment-thumbnail size-thumbnail wp-post-image\" alt=\"\" \/><\/a><div class='slide-content'><header class=\"entry-content-header\"><h3 class='slide-entry-title entry-title' ><a href='https:\/\/ffbraunau.at\/wordpress\/?p=355' title='WLF-K (LAST 2) &amp; AB R\u00dcST'>WLF-K (LAST 2) & AB R\u00dcST<\/a><\/h3><span class=\"av-vertical-delimiter\"><\/span><\/header><\/div><footer class=\"entry-footer\"><\/footer><\/article><\/div><div class='slide-entry-wrap'><article class='slide-entry flex_column  post-entry post-entry-359 slide-entry-overview slide-loop-11 slide-parity-odd  av_one_half first real-thumbnail' ><a href='https:\/\/ffbraunau.at\/wordpress\/?p=359' data-rel='slide-1' class='slide-image' title=''><img loading=\"lazy\" decoding=\"async\" width=\"80\" height=\"80\" src=\"https:\/\/ffbraunau.at\/wordpress\/wp-content\/uploads\/2015\/12\/oel-80x80.jpg\" class=\"attachment-thumbnail size-thumbnail wp-post-image\" alt=\"\" srcset=\"https:\/\/ffbraunau.at\/wordpress\/wp-content\/uploads\/2015\/12\/oel-80x80.jpg 80w, https:\/\/ffbraunau.at\/wordpress\/wp-content\/uploads\/2015\/12\/oel-36x36.jpg 36w, https:\/\/ffbraunau.at\/wordpress\/wp-content\/uploads\/2015\/12\/oel-180x180.jpg 180w, https:\/\/ffbraunau.at\/wordpress\/wp-content\/uploads\/2015\/12\/oel-120x120.jpg 120w, https:\/\/ffbraunau.at\/wordpress\/wp-content\/uploads\/2015\/12\/oel-450x450.jpg 450w\" sizes=\"auto, (max-width: 80px) 100vw, 80px\" \/><\/a><div class='slide-content'><header class=\"entry-content-header\"><h3 class='slide-entry-title entry-title' ><a href='https:\/\/ffbraunau.at\/wordpress\/?p=359' title='OEF'>OEF<\/a><\/h3><span class=\"av-vertical-delimiter\"><\/span><\/header><\/div><footer class=\"entry-footer\"><\/footer><\/article><article class='slide-entry flex_column  post-entry post-entry-361 slide-entry-overview slide-loop-12 slide-parity-even  av_one_half  real-thumbnail' ><a href='https:\/\/ffbraunau.at\/wordpress\/?p=361' data-rel='slide-1' class='slide-image' title=''><img loading=\"lazy\" decoding=\"async\" width=\"80\" height=\"80\" src=\"https:\/\/ffbraunau.at\/wordpress\/wp-content\/uploads\/2015\/12\/hof-80x80.jpg\" class=\"attachment-thumbnail size-thumbnail wp-post-image\" alt=\"\" srcset=\"https:\/\/ffbraunau.at\/wordpress\/wp-content\/uploads\/2015\/12\/hof-80x80.jpg 80w, https:\/\/ffbraunau.at\/wordpress\/wp-content\/uploads\/2015\/12\/hof-36x36.jpg 36w, https:\/\/ffbraunau.at\/wordpress\/wp-content\/uploads\/2015\/12\/hof-180x180.jpg 180w, https:\/\/ffbraunau.at\/wordpress\/wp-content\/uploads\/2015\/12\/hof-120x120.jpg 120w, https:\/\/ffbraunau.at\/wordpress\/wp-content\/uploads\/2015\/12\/hof-450x450.jpg 450w\" sizes=\"auto, (max-width: 80px) 100vw, 80px\" \/><\/a><div class='slide-content'><header class=\"entry-content-header\"><h3 class='slide-entry-title entry-title' ><a href='https:\/\/ffbraunau.at\/wordpress\/?p=361' title='HOFTRAC'>HOFTRAC<\/a><\/h3><span class=\"av-vertical-delimiter\"><\/span><\/header><\/div><footer class=\"entry-footer\"><\/footer><\/article><\/div><div class='slide-entry-wrap'><article class='slide-entry flex_column  post-entry post-entry-1114 slide-entry-overview slide-loop-13 slide-parity-odd  av_one_half first real-thumbnail' ><a href='https:\/\/ffbraunau.at\/wordpress\/?p=1114' data-rel='slide-1' class='slide-image' title=''><img loading=\"lazy\" decoding=\"async\" width=\"80\" height=\"80\" src=\"https:\/\/ffbraunau.at\/wordpress\/wp-content\/uploads\/2015\/03\/k-IMG_3582-80x80.jpg\" class=\"attachment-thumbnail size-thumbnail wp-post-image\" alt=\"\" srcset=\"https:\/\/ffbraunau.at\/wordpress\/wp-content\/uploads\/2015\/03\/k-IMG_3582-80x80.jpg 80w, https:\/\/ffbraunau.at\/wordpress\/wp-content\/uploads\/2015\/03\/k-IMG_3582-36x36.jpg 36w, https:\/\/ffbraunau.at\/wordpress\/wp-content\/uploads\/2015\/03\/k-IMG_3582-180x180.jpg 180w, https:\/\/ffbraunau.at\/wordpress\/wp-content\/uploads\/2015\/03\/k-IMG_3582-120x120.jpg 120w, https:\/\/ffbraunau.at\/wordpress\/wp-content\/uploads\/2015\/03\/k-IMG_3582-450x450.jpg 450w\" sizes=\"auto, (max-width: 80px) 100vw, 80px\" \/><\/a><div class='slide-content'><header class=\"entry-content-header\"><h3 class='slide-entry-title entry-title' ><a href='https:\/\/ffbraunau.at\/wordpress\/?p=1114' title='AB-R\u00dcST'>AB-R\u00dcST<\/a><\/h3><span class=\"av-vertical-delimiter\"><\/span><\/header><\/div><footer class=\"entry-footer\"><\/footer><\/article><article class='slide-entry flex_column  post-entry post-entry-1112 slide-entry-overview slide-loop-14 slide-parity-even  av_one_half  real-thumbnail' ><a href='https:\/\/ffbraunau.at\/wordpress\/?p=1112' data-rel='slide-1' class='slide-image' title=''><img loading=\"lazy\" decoding=\"async\" width=\"80\" height=\"80\" src=\"https:\/\/ffbraunau.at\/wordpress\/wp-content\/uploads\/2015\/12\/last2-80x80.jpg\" class=\"attachment-thumbnail size-thumbnail wp-post-image\" alt=\"\" srcset=\"https:\/\/ffbraunau.at\/wordpress\/wp-content\/uploads\/2015\/12\/last2-80x80.jpg 80w, https:\/\/ffbraunau.at\/wordpress\/wp-content\/uploads\/2015\/12\/last2-36x36.jpg 36w, https:\/\/ffbraunau.at\/wordpress\/wp-content\/uploads\/2015\/12\/last2-180x180.jpg 180w, https:\/\/ffbraunau.at\/wordpress\/wp-content\/uploads\/2015\/12\/last2-120x120.jpg 120w, https:\/\/ffbraunau.at\/wordpress\/wp-content\/uploads\/2015\/12\/last2-450x450.jpg 450w\" sizes=\"auto, (max-width: 80px) 100vw, 80px\" \/><\/a><div class='slide-content'><header class=\"entry-content-header\"><h3 class='slide-entry-title entry-title' ><a href='https:\/\/ffbraunau.at\/wordpress\/?p=1112' title='AB-Mulde'>AB-Mulde<\/a><\/h3><span class=\"av-vertical-delimiter\"><\/span><\/header><\/div><footer class=\"entry-footer\"><\/footer><\/article><\/div><div class='slide-entry-wrap'><article class='slide-entry flex_column  post-entry post-entry-1122 slide-entry-overview slide-loop-15 slide-parity-odd  av_one_half first real-thumbnail' ><a href='https:\/\/ffbraunau.at\/wordpress\/?p=1122' data-rel='slide-1' class='slide-image' title=''><img loading=\"lazy\" decoding=\"async\" width=\"80\" height=\"80\" src=\"https:\/\/ffbraunau.at\/wordpress\/wp-content\/uploads\/2016\/02\/k-IMG_3855-80x80.jpg\" class=\"attachment-thumbnail size-thumbnail wp-post-image\" alt=\"\" srcset=\"https:\/\/ffbraunau.at\/wordpress\/wp-content\/uploads\/2016\/02\/k-IMG_3855-80x80.jpg 80w, https:\/\/ffbraunau.at\/wordpress\/wp-content\/uploads\/2016\/02\/k-IMG_3855-36x36.jpg 36w, https:\/\/ffbraunau.at\/wordpress\/wp-content\/uploads\/2016\/02\/k-IMG_3855-180x180.jpg 180w, https:\/\/ffbraunau.at\/wordpress\/wp-content\/uploads\/2016\/02\/k-IMG_3855-120x120.jpg 120w, https:\/\/ffbraunau.at\/wordpress\/wp-content\/uploads\/2016\/02\/k-IMG_3855-450x450.jpg 450w\" sizes=\"auto, (max-width: 80px) 100vw, 80px\" \/><\/a><div class='slide-content'><header class=\"entry-content-header\"><h3 class='slide-entry-title entry-title' ><a href='https:\/\/ffbraunau.at\/wordpress\/?p=1122' title='Boote'>Boote<\/a><\/h3><span class=\"av-vertical-delimiter\"><\/span><\/header><\/div><footer class=\"entry-footer\"><\/footer><\/article><article class='slide-entry flex_column  post-entry post-entry-3076 slide-entry-overview slide-loop-16 slide-parity-even  post-entry-last  av_one_half  real-thumbnail' ><a href='https:\/\/ffbraunau.at\/wordpress\/?p=3076' data-rel='slide-1' class='slide-image' title=''><img loading=\"lazy\" decoding=\"async\" width=\"80\" height=\"80\" src=\"https:\/\/ffbraunau.at\/wordpress\/wp-content\/uploads\/2016\/08\/k-IMG_4745-80x80.jpg\" class=\"attachment-thumbnail size-thumbnail wp-post-image\" alt=\"\" srcset=\"https:\/\/ffbraunau.at\/wordpress\/wp-content\/uploads\/2016\/08\/k-IMG_4745-80x80.jpg 80w, https:\/\/ffbraunau.at\/wordpress\/wp-content\/uploads\/2016\/08\/k-IMG_4745-36x36.jpg 36w, https:\/\/ffbraunau.at\/wordpress\/wp-content\/uploads\/2016\/08\/k-IMG_4745-180x180.jpg 180w, https:\/\/ffbraunau.at\/wordpress\/wp-content\/uploads\/2016\/08\/k-IMG_4745-120x120.jpg 120w, https:\/\/ffbraunau.at\/wordpress\/wp-content\/uploads\/2016\/08\/k-IMG_4745-450x450.jpg 450w\" sizes=\"auto, (max-width: 80px) 100vw, 80px\" \/><\/a><div class='slide-content'><header class=\"entry-content-header\"><h3 class='slide-entry-title entry-title' ><a href='https:\/\/ffbraunau.at\/wordpress\/?p=3076' title='Last 1'>Last 1<\/a><\/h3><span class=\"av-vertical-delimiter\"><\/span><\/header><\/div><footer class=\"entry-footer\"><\/footer><\/article><\/div><\/div><\/div>\n","protected":false},"excerpt":{"rendered":"","protected":false},"author":1,"featured_media":0,"parent":32,"menu_order":0,"comment_status":"open","ping_status":"open","template":"","meta":{"footnotes":"","_links_to":"","_links_to_target":""},"class_list":["post-38","page","type-page","status-publish","hentry"],"_links":{"self":[{"href":"https:\/\/ffbraunau.at\/wordpress\/index.php?rest_route=\/wp\/v2\/pages\/38","targetHints":{"allow":["GET"]}}],"collection":[{"href":"https:\/\/ffbraunau.at\/wordpress\/index.php?rest_route=\/wp\/v2\/pages"}],"about":[{"href":"https:\/\/ffbraunau.at\/wordpress\/index.php?rest_route=\/wp\/v2\/types\/page"}],"author":[{"embeddable":true,"href":"https:\/\/ffbraunau.at\/wordpress\/index.php?rest_route=\/wp\/v2\/users\/1"}],"replies":[{"embeddable":true,"href":"https:\/\/ffbraunau.at\/wordpress\/index.php?rest_route=%2Fwp%2Fv2%2Fcomments&post=38"}],"version-history":[{"count":38,"href":"https:\/\/ffbraunau.at\/wordpress\/index.php?rest_route=\/wp\/v2\/pages\/38\/revisions"}],"predecessor-version":[{"id":104542,"href":"https:\/\/ffbraunau.at\/wordpress\/index.php?rest_route=\/wp\/v2\/pages\/38\/revisions\/104542"}],"up":[{"embeddable":true,"href":"https:\/\/ffbraunau.at\/wordpress\/index.php?rest_route=\/wp\/v2\/pages\/32"}],"wp:attachment":[{"href":"https:\/\/ffbraunau.at\/wordpress\/index.php?rest_route=%2Fwp%2Fv2%2Fmedia&parent=38"}],"curies":[{"name":"wp","href":"https:\/\/api.w.org\/{rel}","templated":true}]}}