{"id":253,"date":"2015-02-26T20:03:40","date_gmt":"2015-02-26T20:03:40","guid":{"rendered":"http:\/\/ffbraunau.at\/wordpress\/?page_id=253"},"modified":"2023-04-27T10:22:26","modified_gmt":"2023-04-27T10:22:26","slug":"einsatzvorbereitung-nachrichtenwesen","status":"publish","type":"page","link":"https:\/\/ffbraunau.at\/wordpress\/?page_id=253","title":{"rendered":"Einsatzvorbereitung &#038; Nachrichtenwesen"},"content":{"rendered":"<div class=\"flex_column av_one_full  flex_column_div first  \" ><section class=\"av_textblock_section \" ><div class='avia_textblock  '  ><p>Der Zug f\u00fcr <strong>Einsatzvorbereitung und Nachrichtenwesen<\/strong> besch\u00e4ftigt sich im wesentlichem<br \/>\nmit dem Herausarbeiten und Aktualisieren von einsatzrelevanten Informationen.<\/p>\n<p><span style=\"text-decoration: underline;\">Dazu z\u00e4hlen vorrangig:<\/span><\/p>\n<p>Das Verwalten von Brandschutzpl\u00e4nen, Liftverzeichnissen, Wasserentnahme-Karten und Alarmpl\u00e4nen.<\/p>\n<p>Ebenso werden die Ausr\u00fcckeordnung f\u00fcr Eins\u00e4tze im Pflichtbereich und bei Alarmstufeneins\u00e4tzen gepflegt.<\/p>\n<p>Aus- und Weiterbildung in Funk und Kartenkunde.<\/p>\n<p><span style=\"text-decoration: underline;\">Im Einsatzfall\u00a0haben\u00a0die Mitglieder folgende Aufgaben zu erledigen:<\/span><\/p>\n<p>Besetzten der Florianstation und Unterst\u00fctzung bzw. Koordinierung aller Einsatzkr\u00e4fte,<br \/>\ninsbesondere bei Gro\u00dfschadensereignissen und Elementarkatastrophen.<\/p>\n<p>Besetzen der Einsatzleitstelle vor Ort und Unterst\u00fctzung des Einsatzleiters<\/p>\n<p>Erstellen von Einsatzpl\u00e4nen und Lageberichten am Einsatzort.<br \/>\nEine wichtige Hilfestellung gibt das Einsatzleitprogramm <strong>E.L.I.S.<\/strong> bei Eins\u00e4tzen.<\/p>\n<p>E.L.I.S macht die Koordination der einzelnen Eins\u00e4tze \u00fcbersichtlicher.<br \/>\nDamit lassen sich einzelne Fahrzeuge einem Einsatz zuordnen und \u00fcber einen Bildschirm in der Zentrale bzw. einem Lageraum anzeigen.<br \/>\n<strong>\u00dcbungen und Schulungen werden immer am. 1. Dienstag des Monats abgehalten.<\/strong><\/p>\n<p>Ansprechpersonen:<\/p>\n<p>Zugskommandant: Alexander Steinh\u00f6gl, BI (alexander.steinhoegl@ffbraunau.at)<\/p>\n<p>Gruppenkommandant: Sebastian Schmid, HBM (sebastian.schmid@ffbraunau.at)<\/p>\n<\/div><\/section><\/div>\n","protected":false},"excerpt":{"rendered":"","protected":false},"author":3,"featured_media":0,"parent":36,"menu_order":0,"comment_status":"closed","ping_status":"open","template":"","meta":{"footnotes":"","_links_to":"","_links_to_target":""},"class_list":["post-253","page","type-page","status-publish","hentry"],"_links":{"self":[{"href":"https:\/\/ffbraunau.at\/wordpress\/index.php?rest_route=\/wp\/v2\/pages\/253","targetHints":{"allow":["GET"]}}],"collection":[{"href":"https:\/\/ffbraunau.at\/wordpress\/index.php?rest_route=\/wp\/v2\/pages"}],"about":[{"href":"https:\/\/ffbraunau.at\/wordpress\/index.php?rest_route=\/wp\/v2\/types\/page"}],"author":[{"embeddable":true,"href":"https:\/\/ffbraunau.at\/wordpress\/index.php?rest_route=\/wp\/v2\/users\/3"}],"replies":[{"embeddable":true,"href":"https:\/\/ffbraunau.at\/wordpress\/index.php?rest_route=%2Fwp%2Fv2%2Fcomments&post=253"}],"version-history":[{"count":7,"href":"https:\/\/ffbraunau.at\/wordpress\/index.php?rest_route=\/wp\/v2\/pages\/253\/revisions"}],"predecessor-version":[{"id":5121,"href":"https:\/\/ffbraunau.at\/wordpress\/index.php?rest_route=\/wp\/v2\/pages\/253\/revisions\/5121"}],"up":[{"embeddable":true,"href":"https:\/\/ffbraunau.at\/wordpress\/index.php?rest_route=\/wp\/v2\/pages\/36"}],"wp:attachment":[{"href":"https:\/\/ffbraunau.at\/wordpress\/index.php?rest_route=%2Fwp%2Fv2%2Fmedia&parent=253"}],"curies":[{"name":"wp","href":"https:\/\/api.w.org\/{rel}","templated":true}]}}