{"id":2343,"date":"2016-04-17T14:28:41","date_gmt":"2016-04-17T14:28:41","guid":{"rendered":"http:\/\/ffbraunau.at\/wordpress\/?page_id=2343"},"modified":"2016-04-17T17:22:52","modified_gmt":"2016-04-17T17:22:52","slug":"das-betreuerteam","status":"publish","type":"page","link":"https:\/\/ffbraunau.at\/wordpress\/?page_id=2343","title":{"rendered":"Das Betreuerteam"},"content":{"rendered":"<section class=\"av_textblock_section \" ><div class='avia_textblock  '  style='font-size:14px; ' ><h3 style=\"text-align: center;\"><strong>Das Betreuerteam<\/strong><\/h3>\n<p><span style=\"color: #000000; font-family: Calibri;\">Unser Betreuerteam besteht aus 3 aktiven Feuerwehrmitgliedern.<\/span><\/p>\n<p><span style=\"color: #000000; font-family: Calibri;\">Jugendbetreuer und somit hauptverantwortlicher f\u00fcr die Jugendarbeit ist unser Kamerad <strong>Walter Landerdinger<\/strong>. Er sorgt f\u00fcr die Ausarbeitung des \u00dcbungsplans und Anmeldung zu verschiedensten Veranstaltungen. <\/span><\/p>\n<p><span style=\"color: #000000; font-family: Calibri;\"><a href=\"http:\/\/ffbraunau.at\/wordpress\/wp-content\/uploads\/2015\/11\/Walter.jpg\"><img loading=\"lazy\" decoding=\"async\" class=\"alignnone wp-image-1807 size-square\" src=\"http:\/\/ffbraunau.at\/wordpress\/wp-content\/uploads\/2015\/11\/Walter-180x180.jpg\" alt=\"Walter\" width=\"180\" height=\"180\" srcset=\"https:\/\/ffbraunau.at\/wordpress\/wp-content\/uploads\/2015\/11\/Walter-180x180.jpg 180w, https:\/\/ffbraunau.at\/wordpress\/wp-content\/uploads\/2015\/11\/Walter-80x80.jpg 80w, https:\/\/ffbraunau.at\/wordpress\/wp-content\/uploads\/2015\/11\/Walter-36x36.jpg 36w, https:\/\/ffbraunau.at\/wordpress\/wp-content\/uploads\/2015\/11\/Walter-120x120.jpg 120w, https:\/\/ffbraunau.at\/wordpress\/wp-content\/uploads\/2015\/11\/Walter-450x450.jpg 450w\" sizes=\"auto, (max-width: 180px) 100vw, 180px\" \/><\/a>\u00a0 Walter ist beruflich als Maler t\u00e4tig und am 07.10.1969 geboren. Seit seinem 11. Lebensjahr ist er bei der Feuerwehr. Seine T\u00e4tigkeiten bei der Feuerwehr sind unter anderem Bewerter f\u00fcr die Jugendgruppen des Bezirks, Jugendbetreuer und Mitglied der H\u00f6henrettergruppe der Feuerwehr Braunau. <\/span><\/p>\n<p><span style=\"color: #000000; font-family: Calibri;\">\u00a0<\/span><\/p>\n<p><span style=\"color: #000000; font-family: Calibri;\">Jugendhelfer sind Sebastian Schmid und Gabi Kweton. Sie unterst\u00fctzen unseren Jugendbetreuer bei s\u00e4mtlichen \u00dcbungen und Veranstaltungen sowie deren Ausarbeitung.<br \/>\n<\/span><span style=\"color: #000000; font-family: Calibri;\">Des Weiteren sind sie f\u00fcr die Berichterstattung und Dokumentation f\u00fcr die Jugendarbeit auf der Homepage verantwortlich.<\/span><\/p>\n<p><span style=\"color: #000000; font-family: Calibri;\">\u00a0<\/span><\/p>\n<p><span style=\"color: #000000; font-family: Calibri;\">Sebastian ist beruflich als Automatisierungstechniker t\u00e4tig und am 31.10.1994 geboren.<br \/>\nSeit dem 17. Lebensjahr ist er bei der Braunauer Feuerwehr t\u00e4tig und seit Anfang 2016 als Jugendhelfer t\u00e4tig, wobei der Schwerpunkt bei der Unterst\u00fctzung von Walter w\u00e4hrend den \u00dcbungen und Bewerben liegt.<\/span><\/p>\n<p><span style=\"color: #000000; font-family: Calibri;\"><a href=\"http:\/\/ffbraunau.at\/wordpress\/wp-content\/uploads\/2016\/04\/k-Gabi.jpg\"><img loading=\"lazy\" decoding=\"async\" class=\"alignnone size-square wp-image-2384\" src=\"http:\/\/ffbraunau.at\/wordpress\/wp-content\/uploads\/2016\/04\/k-Gabi-180x180.jpg\" alt=\"k-Gabi\" width=\"180\" height=\"180\" srcset=\"https:\/\/ffbraunau.at\/wordpress\/wp-content\/uploads\/2016\/04\/k-Gabi-180x180.jpg 180w, https:\/\/ffbraunau.at\/wordpress\/wp-content\/uploads\/2016\/04\/k-Gabi-80x80.jpg 80w, https:\/\/ffbraunau.at\/wordpress\/wp-content\/uploads\/2016\/04\/k-Gabi-36x36.jpg 36w, https:\/\/ffbraunau.at\/wordpress\/wp-content\/uploads\/2016\/04\/k-Gabi-120x120.jpg 120w, https:\/\/ffbraunau.at\/wordpress\/wp-content\/uploads\/2016\/04\/k-Gabi-450x450.jpg 450w\" sizes=\"auto, (max-width: 180px) 100vw, 180px\" \/><\/a>\u00a0 Gabi ist beruflich als Verk\u00e4uferin t\u00e4tig und am 13.03.1991 geboren.<br \/>\nSeit dem 16. Lebensjahr ist sie bei der Braunauer Feuerwehr und schon mehrere Jahre als Jugendhelferin t\u00e4tig, wobei der Schwerpunkt bei der Betreuung der weiblichen Jugendmitglieder liegt. <\/span><\/p>\n<p><span style=\"color: #000000; font-family: Calibri;\">\u00a0<\/span><\/p>\n<p><span style=\"color: #000000; font-family: Calibri;\">Bei vielen Veranstaltungen oder \u00dcbungen reicht leider ein Team von 3 Personen nicht aus. Hier k\u00f6nnen wir uns zum Gl\u00fcck auf die Unterst\u00fctzung aller anderen Feuerwehrkameraden der Feuerwehr Braunau verlassen. Dadurch k\u00f6nnen wir garantieren, dass alle unsere Jugendmitglieder immer bestm\u00f6glich unterst\u00fctzt und betreut werden k\u00f6nnen.<\/span><\/p>\n<\/div><\/section>\n<div class='avia-button-wrap avia-button-center '><a href='http:\/\/ffbraunau.at\/wordpress\/?page_id=54' class='avia-button   avia-icon_select-yes-left-icon avia-color-theme-color avia-size-small avia-position-center '   ><span class='avia_button_icon avia_button_icon_left ' aria-hidden='true' data-av_icon='\ue821' data-av_iconfont='entypo-fontello'><\/span><span class='avia_iconbox_title' >Startseite Jugend<\/span><\/a><\/div>\n","protected":false},"excerpt":{"rendered":"","protected":false},"author":4,"featured_media":0,"parent":54,"menu_order":0,"comment_status":"closed","ping_status":"open","template":"","meta":{"footnotes":"","_links_to":"","_links_to_target":""},"class_list":["post-2343","page","type-page","status-publish","hentry"],"_links":{"self":[{"href":"https:\/\/ffbraunau.at\/wordpress\/index.php?rest_route=\/wp\/v2\/pages\/2343","targetHints":{"allow":["GET"]}}],"collection":[{"href":"https:\/\/ffbraunau.at\/wordpress\/index.php?rest_route=\/wp\/v2\/pages"}],"about":[{"href":"https:\/\/ffbraunau.at\/wordpress\/index.php?rest_route=\/wp\/v2\/types\/page"}],"author":[{"embeddable":true,"href":"https:\/\/ffbraunau.at\/wordpress\/index.php?rest_route=\/wp\/v2\/users\/4"}],"replies":[{"embeddable":true,"href":"https:\/\/ffbraunau.at\/wordpress\/index.php?rest_route=%2Fwp%2Fv2%2Fcomments&post=2343"}],"version-history":[{"count":6,"href":"https:\/\/ffbraunau.at\/wordpress\/index.php?rest_route=\/wp\/v2\/pages\/2343\/revisions"}],"predecessor-version":[{"id":2385,"href":"https:\/\/ffbraunau.at\/wordpress\/index.php?rest_route=\/wp\/v2\/pages\/2343\/revisions\/2385"}],"up":[{"embeddable":true,"href":"https:\/\/ffbraunau.at\/wordpress\/index.php?rest_route=\/wp\/v2\/pages\/54"}],"wp:attachment":[{"href":"https:\/\/ffbraunau.at\/wordpress\/index.php?rest_route=%2Fwp%2Fv2%2Fmedia&parent=2343"}],"curies":[{"name":"wp","href":"https:\/\/api.w.org\/{rel}","templated":true}]}}