{"id":1351,"date":"2015-12-29T09:59:52","date_gmt":"2015-12-29T09:59:52","guid":{"rendered":"http:\/\/ffbraunau.at\/wordpress\/?page_id=1351"},"modified":"2023-04-27T10:28:29","modified_gmt":"2023-04-27T10:28:29","slug":"impressum-kontakt","status":"publish","type":"page","link":"https:\/\/ffbraunau.at\/wordpress\/?page_id=1351","title":{"rendered":"Impressum &#038; Kontakt"},"content":{"rendered":"<div class=\"flex_column av_one_full  flex_column_div first  \" ><section class=\"av_textblock_section \" ><div class='avia_textblock  '  ><p><strong>Inhaber und f\u00fcr den Inhalt verantwortlich <\/strong><br \/>\nFF Braunau am Inn<br \/>\nKDT Klaus Litzlbauer<br \/>\nLaaber Holzweg 46<br \/>\nA-5280 Braunau am Inn<\/p>\n<p><strong>Design und Programmierung<br \/>\n<\/strong>Die Homepage wurde von Mitgliedern der Feuerwehr mittels &#8222;WordPress&#8220; erstellt.<\/p>\n<p><strong>Nutzung<\/strong><br \/>\nEs ist untersagt, Design und\/oder Inhalt, sowie eigene Bilder der Website in irgendeiner Art und Weise abzu\u00e4ndern, kopieren,<br \/>\nver\u00f6ffentlichen, als Basis f\u00fcr weitere Projekte zu verwenden, ohne die ausdr\u00fcckliche und schriftliche Einwilligung der FF Braunau am Inn.<br \/>\nDar\u00fcber hinaus erhalten Sie keinerlei Eigentumsrechte durch den Download der Homepage-Dokumente.<br \/>\nS\u00e4mtliche nicht erw\u00e4hnten Rechte bleiben vorbehalten.<\/p>\n<p><strong>Links<\/strong><br \/>\nF\u00fcr den Inhalt zu verlinkten, externen Websites haben wir keinen Einfluss auf Inhalt oder Verf\u00fcgbarkeit und<br \/>\ndistanzieren uns daher von jeglicher Haftung f\u00fcr diese Seiten.<br \/>\n<strong><br \/>\nCopyright<\/strong><br \/>\nDas Copyright f\u00fcr die gesamte Homepage inklusive Inhalt und Design liegt bei der FF Braunau. Alle Rechte vorbehalten.<\/p>\n<p class=\"richtext\"><strong>Kontakt<br \/>\n<\/strong>Freiwillige Feuerwehr der Stadt Braunau<br \/>\nLaaber Holzweg 46<br \/>\nA-5280 Braunau am Inn<\/p>\n<p>Telefon: +43\/7722\/62272<br \/>\nMail: office(AT)ffbraunau.at<br \/>\nHomepage: www.ffbraunau.at<\/p>\n<p>(Wir bitten um Verst\u00e4ndnis, dass Mailadressen nicht mit dem @-Zeichen angegeben werden.)<\/p>\n<\/div><\/section><\/div>\n","protected":false},"excerpt":{"rendered":"","protected":false},"author":3,"featured_media":0,"parent":0,"menu_order":150,"comment_status":"closed","ping_status":"open","template":"","meta":{"footnotes":"","_links_to":"","_links_to_target":""},"class_list":["post-1351","page","type-page","status-publish","hentry"],"_links":{"self":[{"href":"https:\/\/ffbraunau.at\/wordpress\/index.php?rest_route=\/wp\/v2\/pages\/1351","targetHints":{"allow":["GET"]}}],"collection":[{"href":"https:\/\/ffbraunau.at\/wordpress\/index.php?rest_route=\/wp\/v2\/pages"}],"about":[{"href":"https:\/\/ffbraunau.at\/wordpress\/index.php?rest_route=\/wp\/v2\/types\/page"}],"author":[{"embeddable":true,"href":"https:\/\/ffbraunau.at\/wordpress\/index.php?rest_route=\/wp\/v2\/users\/3"}],"replies":[{"embeddable":true,"href":"https:\/\/ffbraunau.at\/wordpress\/index.php?rest_route=%2Fwp%2Fv2%2Fcomments&post=1351"}],"version-history":[{"count":11,"href":"https:\/\/ffbraunau.at\/wordpress\/index.php?rest_route=\/wp\/v2\/pages\/1351\/revisions"}],"predecessor-version":[{"id":1353,"href":"https:\/\/ffbraunau.at\/wordpress\/index.php?rest_route=\/wp\/v2\/pages\/1351\/revisions\/1353"}],"wp:attachment":[{"href":"https:\/\/ffbraunau.at\/wordpress\/index.php?rest_route=%2Fwp%2Fv2%2Fmedia&parent=1351"}],"curies":[{"name":"wp","href":"https:\/\/api.w.org\/{rel}","templated":true}]}}