{"id":10566,"date":"2019-12-08T16:43:55","date_gmt":"2019-12-08T16:43:55","guid":{"rendered":"http:\/\/ffbraunau.at\/wordpress\/?page_id=10566"},"modified":"2019-12-08T16:53:13","modified_gmt":"2019-12-08T16:53:13","slug":"imagevideo","status":"publish","type":"page","link":"https:\/\/ffbraunau.at\/wordpress\/?page_id=10566","title":{"rendered":"Imagevideo"},"content":{"rendered":"<div class=\"flex_column av_one_full  flex_column_div av-zero-column-padding first  \" style='border-radius:0px; '><div style='padding-bottom:56.25%;' class='avia-video avia-video-custom   ' ><div id=\"fb-root\"><\/div><script async=\"1\" defer=\"1\" crossorigin=\"anonymous\" src=\"https:\/\/connect.facebook.net\/de_DE\/sdk.js#xfbml=1&amp;version=v5.0\"><\/script><div class=\"fb-video\" data-href=\"https:\/\/www.facebook.com\/FeuerwehrBraunau\/videos\/2546490688762534\/\" data-width=\"1500\"><blockquote cite=\"https:\/\/www.facebook.com\/FeuerwehrBraunau\/videos\/2546490688762534\/\" class=\"fb-xfbml-parse-ignore\"><a href=\"https:\/\/www.facebook.com\/FeuerwehrBraunau\/videos\/2546490688762534\/\">Imagefilm - Freiwillige Feuerwehr der Stadt Braunau<\/a><p>Nach zahlreichen Gespr\u00e4chen und unz\u00e4hligen Stunden der Vorbereitung d\u00fcrfen wir nun den brandneuen Imagefilm der Feuerwehr Braunau vorstellen.<\/p>Gepostet von <a href=\"https:\/\/www.facebook.com\/FeuerwehrBraunau\/\">Freiwillige Feuerwehr der Stadt Braunau am Inn<\/a> am Samstag, 7. Dezember 2019<\/blockquote><\/div><\/div><\/div>\n","protected":false},"excerpt":{"rendered":"","protected":false},"author":3,"featured_media":0,"parent":32,"menu_order":0,"comment_status":"closed","ping_status":"open","template":"","meta":{"footnotes":"","_links_to":"","_links_to_target":""},"class_list":["post-10566","page","type-page","status-publish","hentry"],"_links":{"self":[{"href":"https:\/\/ffbraunau.at\/wordpress\/index.php?rest_route=\/wp\/v2\/pages\/10566","targetHints":{"allow":["GET"]}}],"collection":[{"href":"https:\/\/ffbraunau.at\/wordpress\/index.php?rest_route=\/wp\/v2\/pages"}],"about":[{"href":"https:\/\/ffbraunau.at\/wordpress\/index.php?rest_route=\/wp\/v2\/types\/page"}],"author":[{"embeddable":true,"href":"https:\/\/ffbraunau.at\/wordpress\/index.php?rest_route=\/wp\/v2\/users\/3"}],"replies":[{"embeddable":true,"href":"https:\/\/ffbraunau.at\/wordpress\/index.php?rest_route=%2Fwp%2Fv2%2Fcomments&post=10566"}],"version-history":[{"count":5,"href":"https:\/\/ffbraunau.at\/wordpress\/index.php?rest_route=\/wp\/v2\/pages\/10566\/revisions"}],"predecessor-version":[{"id":100913,"href":"https:\/\/ffbraunau.at\/wordpress\/index.php?rest_route=\/wp\/v2\/pages\/10566\/revisions\/100913"}],"up":[{"embeddable":true,"href":"https:\/\/ffbraunau.at\/wordpress\/index.php?rest_route=\/wp\/v2\/pages\/32"}],"wp:attachment":[{"href":"https:\/\/ffbraunau.at\/wordpress\/index.php?rest_route=%2Fwp%2Fv2%2Fmedia&parent=10566"}],"curies":[{"name":"wp","href":"https:\/\/api.w.org\/{rel}","templated":true}]}}