{"id":103167,"date":"2023-12-28T05:43:35","date_gmt":"2023-12-28T05:43:35","guid":{"rendered":"https:\/\/ffbraunau.at\/wordpress\/?page_id=103167"},"modified":"2023-12-28T05:43:35","modified_gmt":"2023-12-28T05:43:35","slug":"berichte-2024","status":"publish","type":"page","link":"https:\/\/ffbraunau.at\/wordpress\/?page_id=103167","title":{"rendered":"Berichte 2024"},"content":{"rendered":"<div class=\"flex_column av_one_full  flex_column_div av-zero-column-padding first  \" style='border-radius:0px; '><div  data-autoplay=''  data-interval='5'  data-animation='fade'  data-show_slide_delay='90'  class='avia-content-slider avia-content-grid-active avia-content-slider1 avia-content-slider-odd  ' ><div class='avia-content-slider-inner'><div class='slide-entry-wrap'><article class='slide-entry flex_column  post-entry post-entry-104314 slide-entry-overview slide-loop-1 slide-parity-odd  av_fullwidth first real-thumbnail' ><a href='https:\/\/ffbraunau.at\/wordpress\/?p=104314' data-rel='slide-1' class='slide-image' title=''><img loading=\"lazy\" decoding=\"async\" width=\"80\" height=\"80\" src=\"https:\/\/ffbraunau.at\/wordpress\/wp-content\/uploads\/2024\/12\/IMG_1282-1-80x80.jpeg\" class=\"attachment-thumbnail size-thumbnail wp-post-image\" alt=\"\" srcset=\"https:\/\/ffbraunau.at\/wordpress\/wp-content\/uploads\/2024\/12\/IMG_1282-1-80x80.jpeg 80w, https:\/\/ffbraunau.at\/wordpress\/wp-content\/uploads\/2024\/12\/IMG_1282-1-36x36.jpeg 36w, https:\/\/ffbraunau.at\/wordpress\/wp-content\/uploads\/2024\/12\/IMG_1282-1-180x180.jpeg 180w, https:\/\/ffbraunau.at\/wordpress\/wp-content\/uploads\/2024\/12\/IMG_1282-1-120x120.jpeg 120w, https:\/\/ffbraunau.at\/wordpress\/wp-content\/uploads\/2024\/12\/IMG_1282-1-450x450.jpeg 450w\" sizes=\"auto, (max-width: 80px) 100vw, 80px\" \/><\/a><div class='slide-content'><header class=\"entry-content-header\"><h3 class='slide-entry-title entry-title' ><a href='https:\/\/ffbraunau.at\/wordpress\/?p=104314' title='07.12.2024: stimmungsvolle Weihnachtsfeier'>07.12.2024: stimmungsvolle Weihnachtsfeier<\/a><\/h3><span class=\"av-vertical-delimiter\"><\/span><\/header><\/div><footer class=\"entry-footer\"><\/footer><\/article><\/div><div class='slide-entry-wrap'><article class='slide-entry flex_column  post-entry post-entry-104301 slide-entry-overview slide-loop-2 slide-parity-odd  av_fullwidth first real-thumbnail' ><a href='https:\/\/ffbraunau.at\/wordpress\/?p=104301' data-rel='slide-1' class='slide-image' title=''><img loading=\"lazy\" decoding=\"async\" width=\"80\" height=\"80\" src=\"https:\/\/ffbraunau.at\/wordpress\/wp-content\/uploads\/2024\/11\/1-80x80.jpg\" class=\"attachment-thumbnail size-thumbnail wp-post-image\" alt=\"\" srcset=\"https:\/\/ffbraunau.at\/wordpress\/wp-content\/uploads\/2024\/11\/1-80x80.jpg 80w, https:\/\/ffbraunau.at\/wordpress\/wp-content\/uploads\/2024\/11\/1-36x36.jpg 36w, https:\/\/ffbraunau.at\/wordpress\/wp-content\/uploads\/2024\/11\/1-180x180.jpg 180w, https:\/\/ffbraunau.at\/wordpress\/wp-content\/uploads\/2024\/11\/1-120x120.jpg 120w, https:\/\/ffbraunau.at\/wordpress\/wp-content\/uploads\/2024\/11\/1-450x450.jpg 450w\" sizes=\"auto, (max-width: 80px) 100vw, 80px\" \/><\/a><div class='slide-content'><header class=\"entry-content-header\"><h3 class='slide-entry-title entry-title' ><a href='https:\/\/ffbraunau.at\/wordpress\/?p=104301' title='27.11.2024: \u00dcbung PKW-Brand'>27.11.2024: \u00dcbung PKW-Brand<\/a><\/h3><span class=\"av-vertical-delimiter\"><\/span><\/header><\/div><footer class=\"entry-footer\"><\/footer><\/article><\/div><div class='slide-entry-wrap'><article class='slide-entry flex_column  post-entry post-entry-104241 slide-entry-overview slide-loop-3 slide-parity-odd  av_fullwidth first real-thumbnail' ><a href='https:\/\/ffbraunau.at\/wordpress\/?p=104241' data-rel='slide-1' class='slide-image' title=''><img loading=\"lazy\" decoding=\"async\" width=\"80\" height=\"80\" src=\"https:\/\/ffbraunau.at\/wordpress\/wp-content\/uploads\/2024\/10\/Schraegseil-80x80.jpg\" class=\"attachment-thumbnail size-thumbnail wp-post-image\" alt=\"\" srcset=\"https:\/\/ffbraunau.at\/wordpress\/wp-content\/uploads\/2024\/10\/Schraegseil-80x80.jpg 80w, https:\/\/ffbraunau.at\/wordpress\/wp-content\/uploads\/2024\/10\/Schraegseil-36x36.jpg 36w, https:\/\/ffbraunau.at\/wordpress\/wp-content\/uploads\/2024\/10\/Schraegseil-180x180.jpg 180w, https:\/\/ffbraunau.at\/wordpress\/wp-content\/uploads\/2024\/10\/Schraegseil-120x120.jpg 120w, https:\/\/ffbraunau.at\/wordpress\/wp-content\/uploads\/2024\/10\/Schraegseil-450x450.jpg 450w\" sizes=\"auto, (max-width: 80px) 100vw, 80px\" \/><\/a><div class='slide-content'><header class=\"entry-content-header\"><h3 class='slide-entry-title entry-title' ><a href='https:\/\/ffbraunau.at\/wordpress\/?p=104241' title='05.10.2024: H\u00f6henretter-Weiterbildung 2024'>05.10.2024: H\u00f6henretter-Weiterbildung 2024<\/a><\/h3><span class=\"av-vertical-delimiter\"><\/span><\/header><\/div><footer class=\"entry-footer\"><\/footer><\/article><\/div><div class='slide-entry-wrap'><article class='slide-entry flex_column  post-entry post-entry-104200 slide-entry-overview slide-loop-4 slide-parity-odd  av_fullwidth first real-thumbnail' ><a href='https:\/\/ffbraunau.at\/wordpress\/?p=104200' data-rel='slide-1' class='slide-image' title=''><img loading=\"lazy\" decoding=\"async\" width=\"80\" height=\"80\" src=\"https:\/\/ffbraunau.at\/wordpress\/wp-content\/uploads\/2024\/09\/20240907_111-1-80x80.jpg\" class=\"attachment-thumbnail size-thumbnail wp-post-image\" alt=\"\" srcset=\"https:\/\/ffbraunau.at\/wordpress\/wp-content\/uploads\/2024\/09\/20240907_111-1-80x80.jpg 80w, https:\/\/ffbraunau.at\/wordpress\/wp-content\/uploads\/2024\/09\/20240907_111-1-36x36.jpg 36w, https:\/\/ffbraunau.at\/wordpress\/wp-content\/uploads\/2024\/09\/20240907_111-1-180x180.jpg 180w, https:\/\/ffbraunau.at\/wordpress\/wp-content\/uploads\/2024\/09\/20240907_111-1-120x120.jpg 120w, https:\/\/ffbraunau.at\/wordpress\/wp-content\/uploads\/2024\/09\/20240907_111-1-450x450.jpg 450w\" sizes=\"auto, (max-width: 80px) 100vw, 80px\" \/><\/a><div class='slide-content'><header class=\"entry-content-header\"><h3 class='slide-entry-title entry-title' ><a href='https:\/\/ffbraunau.at\/wordpress\/?p=104200' title='06.09 bis 08.09.2024 - Feuerwehrausflug'>06.09 bis 08.09.2024 - Feuerwehrausflug<\/a><\/h3><span class=\"av-vertical-delimiter\"><\/span><\/header><\/div><footer class=\"entry-footer\"><\/footer><\/article><\/div><div class='slide-entry-wrap'><article class='slide-entry flex_column  post-entry post-entry-104189 slide-entry-overview slide-loop-5 slide-parity-odd  av_fullwidth first real-thumbnail' ><a href='https:\/\/ffbraunau.at\/wordpress\/?p=104189' data-rel='slide-1' class='slide-image' title=''><img loading=\"lazy\" decoding=\"async\" width=\"80\" height=\"80\" src=\"https:\/\/ffbraunau.at\/wordpress\/wp-content\/uploads\/2024\/08\/HRG_4-80x80.jpg\" class=\"attachment-thumbnail size-thumbnail wp-post-image\" alt=\"\" srcset=\"https:\/\/ffbraunau.at\/wordpress\/wp-content\/uploads\/2024\/08\/HRG_4-80x80.jpg 80w, https:\/\/ffbraunau.at\/wordpress\/wp-content\/uploads\/2024\/08\/HRG_4-36x36.jpg 36w, https:\/\/ffbraunau.at\/wordpress\/wp-content\/uploads\/2024\/08\/HRG_4-180x180.jpg 180w, https:\/\/ffbraunau.at\/wordpress\/wp-content\/uploads\/2024\/08\/HRG_4-120x120.jpg 120w, https:\/\/ffbraunau.at\/wordpress\/wp-content\/uploads\/2024\/08\/HRG_4-450x450.jpg 450w\" sizes=\"auto, (max-width: 80px) 100vw, 80px\" \/><\/a><div class='slide-content'><header class=\"entry-content-header\"><h3 class='slide-entry-title entry-title' ><a href='https:\/\/ffbraunau.at\/wordpress\/?p=104189' title='30.08.2024 - H\u00f6henretter-\u00dcbung &quot;Personenrettung hoch&quot;'>30.08.2024 - H\u00f6henretter-\u00dcbung \"Personenrettung hoch\"<\/a><\/h3><span class=\"av-vertical-delimiter\"><\/span><\/header><\/div><footer class=\"entry-footer\"><\/footer><\/article><\/div><div class='slide-entry-wrap'><article class='slide-entry flex_column  post-entry post-entry-104180 slide-entry-overview slide-loop-6 slide-parity-odd  av_fullwidth first real-thumbnail' ><a href='https:\/\/ffbraunau.at\/wordpress\/?p=104180' data-rel='slide-1' class='slide-image' title=''><img loading=\"lazy\" decoding=\"async\" width=\"80\" height=\"60\" src=\"https:\/\/ffbraunau.at\/wordpress\/wp-content\/uploads\/2024\/08\/02-1.jpg\" class=\"attachment-thumbnail size-thumbnail wp-post-image\" alt=\"\" \/><\/a><div class='slide-content'><header class=\"entry-content-header\"><h3 class='slide-entry-title entry-title' ><a href='https:\/\/ffbraunau.at\/wordpress\/?p=104180' title='21.08.2024 - \u00dcbung - Technischer Einsatz \/ Fokus Menschenrettung'>21.08.2024 - \u00dcbung - Technischer Einsatz \/ Fokus Menschenrettung<\/a><\/h3><span class=\"av-vertical-delimiter\"><\/span><\/header><\/div><footer class=\"entry-footer\"><\/footer><\/article><\/div><div class='slide-entry-wrap'><article class='slide-entry flex_column  post-entry post-entry-104128 slide-entry-overview slide-loop-7 slide-parity-odd  av_fullwidth first real-thumbnail' ><a href='https:\/\/ffbraunau.at\/wordpress\/?p=104128' data-rel='slide-1' class='slide-image' title=''><img loading=\"lazy\" decoding=\"async\" width=\"80\" height=\"45\" src=\"https:\/\/ffbraunau.at\/wordpress\/wp-content\/uploads\/2024\/08\/k_20240803_091402-1.jpg\" class=\"attachment-thumbnail size-thumbnail wp-post-image\" alt=\"\" \/><\/a><div class='slide-content'><header class=\"entry-content-header\"><h3 class='slide-entry-title entry-title' ><a href='https:\/\/ffbraunau.at\/wordpress\/?p=104128' title='03.08.2024 - Ausflug der Jugendgruppe'>03.08.2024 - Ausflug der Jugendgruppe<\/a><\/h3><span class=\"av-vertical-delimiter\"><\/span><\/header><\/div><footer class=\"entry-footer\"><\/footer><\/article><\/div><div class='slide-entry-wrap'><article class='slide-entry flex_column  post-entry post-entry-104120 slide-entry-overview slide-loop-8 slide-parity-odd  av_fullwidth first real-thumbnail' ><a href='https:\/\/ffbraunau.at\/wordpress\/?p=104120' data-rel='slide-1' class='slide-image' title=''><img loading=\"lazy\" decoding=\"async\" width=\"80\" height=\"36\" src=\"https:\/\/ffbraunau.at\/wordpress\/wp-content\/uploads\/2024\/07\/20240718_154144.jpg\" class=\"attachment-thumbnail size-thumbnail wp-post-image\" alt=\"\" \/><\/a><div class='slide-content'><header class=\"entry-content-header\"><h3 class='slide-entry-title entry-title' ><a href='https:\/\/ffbraunau.at\/wordpress\/?p=104120' title='Kinderferienaktion der Stadtgemeinde Braunau'>Kinderferienaktion der Stadtgemeinde Braunau<\/a><\/h3><span class=\"av-vertical-delimiter\"><\/span><\/header><\/div><footer class=\"entry-footer\"><\/footer><\/article><\/div><div class='slide-entry-wrap'><article class='slide-entry flex_column  post-entry post-entry-103886 slide-entry-overview slide-loop-9 slide-parity-odd  av_fullwidth first real-thumbnail' ><a href='https:\/\/ffbraunau.at\/wordpress\/?p=103886' data-rel='slide-1' class='slide-image' title=''><img loading=\"lazy\" decoding=\"async\" width=\"80\" height=\"60\" src=\"https:\/\/ffbraunau.at\/wordpress\/wp-content\/uploads\/2024\/06\/WLA4.jpg\" class=\"attachment-thumbnail size-thumbnail wp-post-image\" alt=\"\" \/><\/a><div class='slide-content'><header class=\"entry-content-header\"><h3 class='slide-entry-title entry-title' ><a href='https:\/\/ffbraunau.at\/wordpress\/?p=103886' title='62. Landes-Wasserwehrbewerb in Ach an der Salzach'>62. Landes-Wasserwehrbewerb in Ach an der Salzach<\/a><\/h3><span class=\"av-vertical-delimiter\"><\/span><\/header><\/div><footer class=\"entry-footer\"><\/footer><\/article><\/div><div class='slide-entry-wrap'><article class='slide-entry flex_column  post-entry post-entry-103868 slide-entry-overview slide-loop-10 slide-parity-odd  post-entry-last  av_fullwidth first real-thumbnail' ><a href='https:\/\/ffbraunau.at\/wordpress\/?p=103868' data-rel='slide-1' class='slide-image' title=''><img loading=\"lazy\" decoding=\"async\" width=\"80\" height=\"60\" src=\"https:\/\/ffbraunau.at\/wordpress\/wp-content\/uploads\/2024\/06\/KS6_b.jpg\" class=\"attachment-thumbnail size-thumbnail wp-post-image\" alt=\"\" \/><\/a><div class='slide-content'><header class=\"entry-content-header\"><h3 class='slide-entry-title entry-title' ><a href='https:\/\/ffbraunau.at\/wordpress\/?p=103868' title='08.06.2024: kameradschaftlicher Ausflug der H\u00f6henretter'>08.06.2024: kameradschaftlicher Ausflug der H\u00f6henretter<\/a><\/h3><span class=\"av-vertical-delimiter\"><\/span><\/header><\/div><footer class=\"entry-footer\"><\/footer><\/article><\/div><\/div><div class='pagination-wrap pagination-slider'><nav class='pagination'><span class='pagination-meta'>Seite 1 von 3<\/span><span class='current'>1<\/span><a href='https:\/\/ffbraunau.at\/wordpress\/index.php?rest_route=%2Fwp%2Fv2%2Fpages%2F103167&#038;paged=2' class='inactive' >2<\/a><a href='https:\/\/ffbraunau.at\/wordpress\/index.php?rest_route=%2Fwp%2Fv2%2Fpages%2F103167&#038;paged=3' class='inactive' >3<\/a><\/nav>\n<\/div><\/div><\/div>\n","protected":false},"excerpt":{"rendered":"","protected":false},"author":3,"featured_media":0,"parent":0,"menu_order":0,"comment_status":"closed","ping_status":"closed","template":"","meta":{"footnotes":"","_links_to":"","_links_to_target":""},"class_list":["post-103167","page","type-page","status-publish","hentry"],"_links":{"self":[{"href":"https:\/\/ffbraunau.at\/wordpress\/index.php?rest_route=\/wp\/v2\/pages\/103167","targetHints":{"allow":["GET"]}}],"collection":[{"href":"https:\/\/ffbraunau.at\/wordpress\/index.php?rest_route=\/wp\/v2\/pages"}],"about":[{"href":"https:\/\/ffbraunau.at\/wordpress\/index.php?rest_route=\/wp\/v2\/types\/page"}],"author":[{"embeddable":true,"href":"https:\/\/ffbraunau.at\/wordpress\/index.php?rest_route=\/wp\/v2\/users\/3"}],"replies":[{"embeddable":true,"href":"https:\/\/ffbraunau.at\/wordpress\/index.php?rest_route=%2Fwp%2Fv2%2Fcomments&post=103167"}],"version-history":[{"count":2,"href":"https:\/\/ffbraunau.at\/wordpress\/index.php?rest_route=\/wp\/v2\/pages\/103167\/revisions"}],"predecessor-version":[{"id":103169,"href":"https:\/\/ffbraunau.at\/wordpress\/index.php?rest_route=\/wp\/v2\/pages\/103167\/revisions\/103169"}],"wp:attachment":[{"href":"https:\/\/ffbraunau.at\/wordpress\/index.php?rest_route=%2Fwp%2Fv2%2Fmedia&parent=103167"}],"curies":[{"name":"wp","href":"https:\/\/api.w.org\/{rel}","templated":true}]}}